{"id":5629,"date":"2022-10-03T15:10:47","date_gmt":"2022-10-03T13:10:47","guid":{"rendered":"https:\/\/www.kirei-italia.it\/?page_id=5629"},"modified":"2022-10-10T17:27:21","modified_gmt":"2022-10-10T15:27:21","slug":"kireikare","status":"publish","type":"page","link":"https:\/\/www.kirei-italia.it\/fr\/kireikare\/","title":{"rendered":"KireiKare"},"content":{"rendered":"<h3><strong><div class=\"epyt-video-wrapper\"><div  id=\"_ytid_34474\"  width=\"480\" height=\"270\"  data-origwidth=\"480\" data-origheight=\"270\"  data-relstop=\"1\" data-facadesrc=\"https:\/\/www.youtube-nocookie.com\/embed\/QROCjrE1rmo?enablejsapi=1&autoplay=0&cc_load_policy=0&cc_lang_pref=&iv_load_policy=1&loop=0&rel=0&fs=1&playsinline=0&autohide=2&theme=dark&color=red&controls=1&disablekb=0&\" class=\"__youtube_prefs__ epyt-facade no-lazyload\" data-epautoplay=\"1\" ><img decoding=\"async\" data-spai-excluded=\"true\" class=\"epyt-facade-poster skip-lazy\" loading=\"lazy\"  alt=\"YouTube player\"  src=\"https:\/\/i.ytimg.com\/vi\/QROCjrE1rmo\/hqdefault.jpg\"  \/><button class=\"epyt-facade-play\" aria-label=\"Play\"><svg data-no-lazy=\"1\" height=\"100%\" version=\"1.1\" viewBox=\"0 0 68 48\" width=\"100%\"><path class=\"ytp-large-play-button-bg\" d=\"M66.52,7.74c-0.78-2.93-2.49-5.41-5.42-6.19C55.79,.13,34,0,34,0S12.21,.13,6.9,1.55 C3.97,2.33,2.27,4.81,1.48,7.74C0.06,13.05,0,24,0,24s0.06,10.95,1.48,16.26c0.78,2.93,2.49,5.41,5.42,6.19 C12.21,47.87,34,48,34,48s21.79-0.13,27.1-1.55c2.93-0.78,4.64-3.26,5.42-6.19C67.94,34.95,68,24,68,24S67.94,13.05,66.52,7.74z\" fill=\"#f00\"><\/path><path d=\"M 45,24 27,14 27,34\" fill=\"#fff\"><\/path><\/svg><\/button><\/div><\/div><\/strong><\/h3>\n<h6><strong>.<\/strong><\/h6>\n<h1><\/h1>\n<p><img fetchpriority=\"high\" decoding=\"async\" class=\"size-medium wp-image-5736 alignleft\" src=\"https:\/\/www.kirei-italia.it\/wp-content\/uploads\/2022\/09\/kirei-logo-cuore-01-01-300x209.png\" alt=\"\" width=\"300\" height=\"209\" srcset=\"https:\/\/www.kirei-italia.it\/wp-content\/uploads\/2022\/09\/kirei-logo-cuore-01-01-300x209.png 300w, https:\/\/www.kirei-italia.it\/wp-content\/uploads\/2022\/09\/kirei-logo-cuore-01-01-1024x714.png 1024w, https:\/\/www.kirei-italia.it\/wp-content\/uploads\/2022\/09\/kirei-logo-cuore-01-01-768x535.png 768w, https:\/\/www.kirei-italia.it\/wp-content\/uploads\/2022\/09\/kirei-logo-cuore-01-01-517x360.png 517w, https:\/\/www.kirei-italia.it\/wp-content\/uploads\/2022\/09\/kirei-logo-cuore-01-01.png 1046w\" sizes=\"(max-width: 300px) 100vw, 300px\" \/><\/p>\n<h2>C\u2019est avec un immense plaisir que nous sommes heureux d\u2019annoncer le lancement de \u00ab\u00a0<strong>KireiKare\u00a0\u00bb<\/strong>.<\/h2>\n<h4>KireiKare est une id\u00e9e qui r\u00e9sonne dans nos pens\u00e9es depuis tr\u00e8s longtemps et qui n\u2019est devenue une id\u00e9e concr\u00e8te que ces derniers mois.<\/h4>\n<p>&nbsp;<\/p>\n<h4>Mais qu\u2019est-ce que <strong>KireiKare<\/strong>?<\/h4>\n<p><strong>Il s\u2019agit d\u2019une \u0153uvre de bienfaisance dont l\u2019objectif est de collecter des fonds pour les associations \u00e0 but non lucratif.<\/strong> Chaque ann\u00e9e, nous s\u00e9lectionnerons les associations auxquelles nous reverserons les fonds collect\u00e9s gr\u00e2ce \u00e0 la g\u00e9n\u00e9rosit\u00e9 de nos clients, mandat\u00e9s et \u00e0 la contribution directe de kirei.<\/p>\n<p>Dans les id\u00e9es des <strong>membres fondateurs Massimo Fioriello, Tullio Lanfranchi et Barbara Garbarino<\/strong> qui ont conduit \u00e0 la naissance de Kirei, il y a toujours eu une composante tr\u00e8s forte d\u2019aide envers le prochain, sous diverses formes, telles que : <strong>aider les gens \u00e0 prendre soin de leur corps avec des rem\u00e8des naturels, offrir une opportunit\u00e9 d\u2019affaires et gr\u00e2ce au projet KireiKare aider les personnes les plus n\u00e9cessiteuses.<\/strong><\/p>\n<p><strong>Kirei<\/strong> n\u2019est pas seulement une entreprise : c\u2019est un nouveau mode de vie, plus naturel, plus respectueux de son corps, de son prochain et de la plan\u00e8te.<\/p>\n<p>&nbsp;<\/p>\n<h5 style=\"text-align: center;\"><em>=Devenez le protagoniste VOUS avec KireiKare et laissez votre contribution g\u00e9n\u00e9reuse (0,50 \u20ac ou 1,00 \u20ac et plusieurs) lorsque vous passez une commande =<\/em>\n<em>Allez dans la cat\u00e9gorie KireKare et choisissez combien donner\u00a0<\/em><\/h5>\n<p>&nbsp;<\/p>\n<p>&nbsp;<\/p>\n<h3><strong>Pour 2022, Kirei a choisi de reverser les fonds qui seront collect\u00e9s avant le 31 d\u00e9cembre 2022 \u00e0 l\u2019association FILO TESO<\/strong><\/h3>\n<h3><strong><img decoding=\"async\" class=\"size-medium wp-image-5738 alignleft\" src=\"https:\/\/www.kirei-italia.it\/wp-content\/uploads\/2022\/09\/logo-filo-teso-300x257.jpg\" alt=\"\" width=\"300\" height=\"257\" srcset=\"https:\/\/www.kirei-italia.it\/wp-content\/uploads\/2022\/09\/logo-filo-teso-300x257.jpg 300w, https:\/\/www.kirei-italia.it\/wp-content\/uploads\/2022\/09\/logo-filo-teso-420x360.jpg 420w, https:\/\/www.kirei-italia.it\/wp-content\/uploads\/2022\/09\/logo-filo-teso.jpg 650w\" sizes=\"(max-width: 300px) 100vw, 300px\" \/><\/strong><\/h3>\n<p><strong>L\u2019association Filo Teso poursuit des finalit\u00e9s de solidarit\u00e9 sociale.<\/strong><\/p>\n<p>Il vise \u00e0 servir de r\u00e9f\u00e9rence pour les femmes atteintes d\u2019un cancer du sein par l\u2019information, le soutien, les \u00e9v\u00e9nements et la recherche.<\/p>\n<p>Filo teso est une association<span class=\"apple-converted-space\">\u00a0<\/span> n\u00e9e en 2021 d\u2019une id\u00e9e voulue par certaines femmes op\u00e9r\u00e9es au sein par le <b>Prof. Massimo Vergine<\/b> (chirurgien s\u00e9nologue) et par le <b>Prof. Diego Ribuffo<\/b> (chirurgien plasticien) de la <b>Breast Unit de la Polyclinique Umberto I de Rome<\/b>.<\/p>\n<div>\n<div>\n<p class=\"font8\">Elle na\u00eet des exp\u00e9riences de femmes op\u00e9r\u00e9es au sein qui, avec beaucoup de difficult\u00e9, ont affront\u00e9 leur parcours, et qui anim\u00e9es par un esprit de solidarit\u00e9 se sont transform\u00e9es en volontaires pour aider d\u2019autres femmes \u00e0 <b>surmonter les moments critiques de la maladie.<\/b><\/p>\n<\/div>\n<\/div>\n<p><strong>\u00a0 \u00a0 \u00a0 \u00a0 \u00a0 \u00a0 \u00a0 \u00a0 \u00a0 <a href=\"http:\/\/www.filoteso.org\/\">\u00a0 www.filoteso.org<\/a><\/strong><\/p>\n<p>&nbsp;<\/p>\n<p style=\"font-weight: 400;\"><strong><em>Les principaux objectifs sont les suivants:<\/em><\/strong><\/p>\n<ul>\n<li>Apporter une aide aux femmes atteintes du cancer du sein par des initiatives de soins de sant\u00e9, psychologiques et sociaux.<\/li>\n<li>promouvoir les activit\u00e9s de pr\u00e9vention du cancer du sein.<\/li>\n<li>de dispenser des formations et de s\u2019orienter vers le volontariat.<\/li>\n<li>organiser des \u00e9v\u00e9nements et des conf\u00e9rences \u00e0 th\u00e8me<\/li>\n<li>Travailler en collaboration avec des institutions qui peuvent soutenir et aider \u00e0 la mission.<\/li>\n<li>fournir des conseils m\u00e9dicaux pr\u00e9- et postop\u00e9ratoires par le biais du soutien des m\u00e9decins des disciplines sp\u00e9cialis\u00e9es li\u00e9es \u00e0 la s\u00e9nologie.<\/li>\n<li>fournir des conseils pour l\u2019ex\u00e9cution des proc\u00e9dures bureaucratiques et juridiques li\u00e9es \u00e0 la maladie du sein.<\/li>\n<li>organiser des moments r\u00e9cr\u00e9atifs , sportifs et activit\u00e9s d\u2019engagement social, y compris \u00e0 travers des conventions avec des clubs et des associations sportives<\/li>\n<li>organiser toutes les activit\u00e9s aptes \u00e0 r\u00e9tablir le bien-\u00eatre psychophysique de la femme op\u00e9r\u00e9e au sein et \u00e0 favoriser les contacts entre les membres et la r\u00e9int\u00e9gration dans la vie professionnelle.<\/li>\n<li>Conclure des conventions pour les associ\u00e9s avec des centres de physioth\u00e9rapie de r\u00e9\u00e9ducation, gymnases et piscines et organiser des cours de gymnastique, yoga, danse sportive et toutes ces activit\u00e9s ludiques et r\u00e9cr\u00e9atives pour favoriser la socialisation.<\/li>\n<\/ul>\n<p><img decoding=\"async\" class=\"size-medium wp-image-5743 aligncenter\" src=\"https:\/\/www.kirei-italia.it\/wp-content\/uploads\/2022\/09\/donne-con-fiocco-rosa-300x132.jpeg\" alt=\"\" width=\"300\" height=\"132\" srcset=\"https:\/\/www.kirei-italia.it\/wp-content\/uploads\/2022\/09\/donne-con-fiocco-rosa-300x132.jpeg 300w, https:\/\/www.kirei-italia.it\/wp-content\/uploads\/2022\/09\/donne-con-fiocco-rosa.jpeg 339w\" sizes=\"(max-width: 300px) 100vw, 300px\" \/><\/p>\n","protected":false},"excerpt":{"rendered":"<p>. C\u2019est avec un immense plaisir que nous sommes heureux d\u2019annoncer le lancement de \u00ab\u00a0KireiKare\u00a0\u00bb. KireiKare est une id\u00e9e qui r\u00e9sonne dans nos pens\u00e9es depuis tr\u00e8s longtemps et qui n\u2019est devenue une id\u00e9e concr\u00e8te que ces derniers mois. &nbsp; Mais qu\u2019est-ce que KireiKare? Il s\u2019agit d\u2019une \u0153uvre de bienfaisance dont l\u2019objectif est de collecter des [&hellip;]<\/p>\n","protected":false},"author":6,"featured_media":0,"parent":0,"menu_order":0,"comment_status":"closed","ping_status":"closed","template":"","meta":{"_acf_changed":false,"footnotes":""},"class_list":["post-5629","page","type-page","status-publish","hentry"],"acf":[],"yoast_head":"<!-- This site is optimized with the Yoast SEO plugin v27.4 - https:\/\/yoast.com\/product\/yoast-seo-wordpress\/ -->\n<title>KireiKare - Kirei Italia<\/title>\n<meta name=\"robots\" content=\"index, follow, max-snippet:-1, max-image-preview:large, max-video-preview:-1\" \/>\n<link rel=\"canonical\" href=\"https:\/\/www.kirei-italia.it\/fr\/kireikare\/\" \/>\n<meta property=\"og:locale\" content=\"fr_FR\" \/>\n<meta property=\"og:type\" content=\"article\" \/>\n<meta property=\"og:title\" content=\"KireiKare - Kirei Italia\" \/>\n<meta property=\"og:description\" content=\". C\u2019est avec un immense plaisir que nous sommes heureux d\u2019annoncer le lancement de \u00ab\u00a0KireiKare\u00a0\u00bb. KireiKare est une id\u00e9e qui r\u00e9sonne dans nos pens\u00e9es depuis tr\u00e8s longtemps et qui n\u2019est devenue une id\u00e9e concr\u00e8te que ces derniers mois. &nbsp; Mais qu\u2019est-ce que KireiKare? Il s\u2019agit d\u2019une \u0153uvre de bienfaisance dont l\u2019objectif est de collecter des [&hellip;]\" \/>\n<meta property=\"og:url\" content=\"https:\/\/www.kirei-italia.it\/fr\/kireikare\/\" \/>\n<meta property=\"og:site_name\" content=\"Kirei Italia\" \/>\n<meta property=\"article:publisher\" content=\"https:\/\/www.facebook.com\/kireibiocosmetic\/\" \/>\n<meta property=\"article:modified_time\" content=\"2022-10-10T15:27:21+00:00\" \/>\n<meta property=\"og:image\" content=\"https:\/\/www.kirei-italia.it\/wp-content\/uploads\/2022\/09\/kirei-logo-cuore-01-01-300x209.png\" \/>\n<meta name=\"twitter:card\" content=\"summary_large_image\" \/>\n<meta name=\"twitter:label1\" content=\"Dur\u00e9e de lecture estim\u00e9e\" \/>\n\t<meta name=\"twitter:data1\" content=\"4 minutes\" \/>\n<script type=\"application\/ld+json\" class=\"yoast-schema-graph\">{\"@context\":\"https:\\\/\\\/schema.org\",\"@graph\":[{\"@type\":\"WebPage\",\"@id\":\"https:\\\/\\\/www.kirei-italia.it\\\/fr\\\/kireikare\\\/\",\"url\":\"https:\\\/\\\/www.kirei-italia.it\\\/fr\\\/kireikare\\\/\",\"name\":\"KireiKare - Kirei Italia\",\"isPartOf\":{\"@id\":\"https:\\\/\\\/www.kirei-italia.it\\\/#website\"},\"primaryImageOfPage\":{\"@id\":\"https:\\\/\\\/www.kirei-italia.it\\\/fr\\\/kireikare\\\/#primaryimage\"},\"image\":{\"@id\":\"https:\\\/\\\/www.kirei-italia.it\\\/fr\\\/kireikare\\\/#primaryimage\"},\"thumbnailUrl\":\"https:\\\/\\\/www.kirei-italia.it\\\/wp-content\\\/uploads\\\/2022\\\/09\\\/kirei-logo-cuore-01-01-300x209.png\",\"datePublished\":\"2022-10-03T13:10:47+00:00\",\"dateModified\":\"2022-10-10T15:27:21+00:00\",\"breadcrumb\":{\"@id\":\"https:\\\/\\\/www.kirei-italia.it\\\/fr\\\/kireikare\\\/#breadcrumb\"},\"inLanguage\":\"fr-FR\",\"potentialAction\":[{\"@type\":\"ReadAction\",\"target\":[\"https:\\\/\\\/www.kirei-italia.it\\\/fr\\\/kireikare\\\/\"]}]},{\"@type\":\"ImageObject\",\"inLanguage\":\"fr-FR\",\"@id\":\"https:\\\/\\\/www.kirei-italia.it\\\/fr\\\/kireikare\\\/#primaryimage\",\"url\":\"https:\\\/\\\/www.kirei-italia.it\\\/wp-content\\\/uploads\\\/2022\\\/09\\\/kirei-logo-cuore-01-01-300x209.png\",\"contentUrl\":\"https:\\\/\\\/www.kirei-italia.it\\\/wp-content\\\/uploads\\\/2022\\\/09\\\/kirei-logo-cuore-01-01-300x209.png\"},{\"@type\":\"BreadcrumbList\",\"@id\":\"https:\\\/\\\/www.kirei-italia.it\\\/fr\\\/kireikare\\\/#breadcrumb\",\"itemListElement\":[{\"@type\":\"ListItem\",\"position\":1,\"name\":\"Home\",\"item\":\"https:\\\/\\\/www.kirei-italia.it\\\/fr\\\/\"},{\"@type\":\"ListItem\",\"position\":2,\"name\":\"KireiKare\"}]},{\"@type\":\"WebSite\",\"@id\":\"https:\\\/\\\/www.kirei-italia.it\\\/#website\",\"url\":\"https:\\\/\\\/www.kirei-italia.it\\\/\",\"name\":\"Kirei Italia\",\"description\":\"\",\"potentialAction\":[{\"@type\":\"SearchAction\",\"target\":{\"@type\":\"EntryPoint\",\"urlTemplate\":\"https:\\\/\\\/www.kirei-italia.it\\\/?s={search_term_string}\"},\"query-input\":{\"@type\":\"PropertyValueSpecification\",\"valueRequired\":true,\"valueName\":\"search_term_string\"}}],\"inLanguage\":\"fr-FR\"}]}<\/script>\n<!-- \/ Yoast SEO plugin. -->","yoast_head_json":{"title":"KireiKare - Kirei Italia","robots":{"index":"index","follow":"follow","max-snippet":"max-snippet:-1","max-image-preview":"max-image-preview:large","max-video-preview":"max-video-preview:-1"},"canonical":"https:\/\/www.kirei-italia.it\/fr\/kireikare\/","og_locale":"fr_FR","og_type":"article","og_title":"KireiKare - Kirei Italia","og_description":". C\u2019est avec un immense plaisir que nous sommes heureux d\u2019annoncer le lancement de \u00ab\u00a0KireiKare\u00a0\u00bb. KireiKare est une id\u00e9e qui r\u00e9sonne dans nos pens\u00e9es depuis tr\u00e8s longtemps et qui n\u2019est devenue une id\u00e9e concr\u00e8te que ces derniers mois. &nbsp; Mais qu\u2019est-ce que KireiKare? Il s\u2019agit d\u2019une \u0153uvre de bienfaisance dont l\u2019objectif est de collecter des [&hellip;]","og_url":"https:\/\/www.kirei-italia.it\/fr\/kireikare\/","og_site_name":"Kirei Italia","article_publisher":"https:\/\/www.facebook.com\/kireibiocosmetic\/","article_modified_time":"2022-10-10T15:27:21+00:00","og_image":[{"url":"https:\/\/www.kirei-italia.it\/wp-content\/uploads\/2022\/09\/kirei-logo-cuore-01-01-300x209.png","type":"","width":"","height":""}],"twitter_card":"summary_large_image","twitter_misc":{"Dur\u00e9e de lecture estim\u00e9e":"4 minutes"},"schema":{"@context":"https:\/\/schema.org","@graph":[{"@type":"WebPage","@id":"https:\/\/www.kirei-italia.it\/fr\/kireikare\/","url":"https:\/\/www.kirei-italia.it\/fr\/kireikare\/","name":"KireiKare - Kirei Italia","isPartOf":{"@id":"https:\/\/www.kirei-italia.it\/#website"},"primaryImageOfPage":{"@id":"https:\/\/www.kirei-italia.it\/fr\/kireikare\/#primaryimage"},"image":{"@id":"https:\/\/www.kirei-italia.it\/fr\/kireikare\/#primaryimage"},"thumbnailUrl":"https:\/\/www.kirei-italia.it\/wp-content\/uploads\/2022\/09\/kirei-logo-cuore-01-01-300x209.png","datePublished":"2022-10-03T13:10:47+00:00","dateModified":"2022-10-10T15:27:21+00:00","breadcrumb":{"@id":"https:\/\/www.kirei-italia.it\/fr\/kireikare\/#breadcrumb"},"inLanguage":"fr-FR","potentialAction":[{"@type":"ReadAction","target":["https:\/\/www.kirei-italia.it\/fr\/kireikare\/"]}]},{"@type":"ImageObject","inLanguage":"fr-FR","@id":"https:\/\/www.kirei-italia.it\/fr\/kireikare\/#primaryimage","url":"https:\/\/www.kirei-italia.it\/wp-content\/uploads\/2022\/09\/kirei-logo-cuore-01-01-300x209.png","contentUrl":"https:\/\/www.kirei-italia.it\/wp-content\/uploads\/2022\/09\/kirei-logo-cuore-01-01-300x209.png"},{"@type":"BreadcrumbList","@id":"https:\/\/www.kirei-italia.it\/fr\/kireikare\/#breadcrumb","itemListElement":[{"@type":"ListItem","position":1,"name":"Home","item":"https:\/\/www.kirei-italia.it\/fr\/"},{"@type":"ListItem","position":2,"name":"KireiKare"}]},{"@type":"WebSite","@id":"https:\/\/www.kirei-italia.it\/#website","url":"https:\/\/www.kirei-italia.it\/","name":"Kirei Italia","description":"","potentialAction":[{"@type":"SearchAction","target":{"@type":"EntryPoint","urlTemplate":"https:\/\/www.kirei-italia.it\/?s={search_term_string}"},"query-input":{"@type":"PropertyValueSpecification","valueRequired":true,"valueName":"search_term_string"}}],"inLanguage":"fr-FR"}]}},"_links":{"self":[{"href":"https:\/\/www.kirei-italia.it\/fr\/wp-json\/wp\/v2\/pages\/5629","targetHints":{"allow":["GET"]}}],"collection":[{"href":"https:\/\/www.kirei-italia.it\/fr\/wp-json\/wp\/v2\/pages"}],"about":[{"href":"https:\/\/www.kirei-italia.it\/fr\/wp-json\/wp\/v2\/types\/page"}],"author":[{"embeddable":true,"href":"https:\/\/www.kirei-italia.it\/fr\/wp-json\/wp\/v2\/users\/6"}],"replies":[{"embeddable":true,"href":"https:\/\/www.kirei-italia.it\/fr\/wp-json\/wp\/v2\/comments?post=5629"}],"version-history":[{"count":0,"href":"https:\/\/www.kirei-italia.it\/fr\/wp-json\/wp\/v2\/pages\/5629\/revisions"}],"wp:attachment":[{"href":"https:\/\/www.kirei-italia.it\/fr\/wp-json\/wp\/v2\/media?parent=5629"}],"curies":[{"name":"wp","href":"https:\/\/api.w.org\/{rel}","templated":true}]}}