{"id":3697,"date":"2017-09-14T09:29:39","date_gmt":"2017-09-14T07:29:39","guid":{"rendered":"https:\/\/www.kirei-italia.it\/?page_id=3697"},"modified":"2021-02-11T17:49:32","modified_gmt":"2021-02-11T16:49:32","slug":"entra-in-kirei","status":"publish","type":"page","link":"https:\/\/www.kirei-italia.it\/fr\/entra-in-kirei\/","title":{"rendered":"Entre Kirei"},"content":{"rendered":"<p>REJOINDRE LA FAMILLE KIREI EST TR\u00c8S SIMPLE, CELA D\u00c9PEND UNIQUEMENT DES AMBITIONS QUE VOUS AVEZ DANS LA VIE.<\/p>\n<p>Si vous recherchez une activit\u00e9 qui vous permet de g\u00e9rer votre temps et vos gains en totale autonomie, devenez CONSULTANT *, vous d\u00e9couvrirez \u00e0 quel point c&rsquo;est facile et surtout plein de satisfactions. * Responsable de la vente \u00e0 domicile selon l&rsquo;art . 19 D\u00e9cret l\u00e9gislatif 114\/98 et modifications ult\u00e9rieures et L. 173\/2005<\/p>\n","protected":false},"excerpt":{"rendered":"<p>REJOINDRE LA FAMILLE KIREI EST TR\u00c8S SIMPLE, CELA D\u00c9PEND UNIQUEMENT DES AMBITIONS QUE VOUS AVEZ DANS LA VIE. Si vous recherchez une activit\u00e9 qui vous permet de g\u00e9rer votre temps et vos gains en totale autonomie, devenez CONSULTANT *, vous d\u00e9couvrirez \u00e0 quel point c&rsquo;est facile et surtout plein de satisfactions. * Responsable de la [&hellip;]<\/p>\n","protected":false},"author":1,"featured_media":0,"parent":0,"menu_order":0,"comment_status":"closed","ping_status":"closed","template":"","meta":{"_acf_changed":false,"footnotes":""},"class_list":["post-3697","page","type-page","status-publish","hentry"],"acf":[],"yoast_head":"<!-- This site is optimized with the Yoast SEO plugin v27.3 - https:\/\/yoast.com\/product\/yoast-seo-wordpress\/ -->\n<title>Entre Kirei - Kirei Italia<\/title>\n<meta name=\"robots\" content=\"index, follow, max-snippet:-1, max-image-preview:large, max-video-preview:-1\" \/>\n<link rel=\"canonical\" href=\"https:\/\/www.kirei-italia.it\/fr\/entra-in-kirei\/\" \/>\n<meta property=\"og:locale\" content=\"fr_FR\" \/>\n<meta property=\"og:type\" content=\"article\" \/>\n<meta property=\"og:title\" content=\"Entre Kirei - Kirei Italia\" \/>\n<meta property=\"og:description\" content=\"REJOINDRE LA FAMILLE KIREI EST TR\u00c8S SIMPLE, CELA D\u00c9PEND UNIQUEMENT DES AMBITIONS QUE VOUS AVEZ DANS LA VIE. Si vous recherchez une activit\u00e9 qui vous permet de g\u00e9rer votre temps et vos gains en totale autonomie, devenez CONSULTANT *, vous d\u00e9couvrirez \u00e0 quel point c&rsquo;est facile et surtout plein de satisfactions. * Responsable de la [&hellip;]\" \/>\n<meta property=\"og:url\" content=\"https:\/\/www.kirei-italia.it\/fr\/entra-in-kirei\/\" \/>\n<meta property=\"og:site_name\" content=\"Kirei Italia\" \/>\n<meta property=\"article:publisher\" content=\"https:\/\/www.facebook.com\/kireibiocosmetic\/\" \/>\n<meta property=\"article:modified_time\" content=\"2021-02-11T16:49:32+00:00\" \/>\n<meta property=\"og:image\" content=\"https:\/\/www.kirei-italia.it\/wp-content\/uploads\/2016\/11\/fb-default.jpg\" \/>\n\t<meta property=\"og:image:width\" content=\"1200\" \/>\n\t<meta property=\"og:image:height\" content=\"630\" \/>\n\t<meta property=\"og:image:type\" content=\"image\/jpeg\" \/>\n<meta name=\"twitter:card\" content=\"summary_large_image\" \/>\n<script type=\"application\/ld+json\" class=\"yoast-schema-graph\">{\"@context\":\"https:\\\/\\\/schema.org\",\"@graph\":[{\"@type\":\"WebPage\",\"@id\":\"https:\\\/\\\/www.kirei-italia.it\\\/fr\\\/entra-in-kirei\\\/\",\"url\":\"https:\\\/\\\/www.kirei-italia.it\\\/fr\\\/entra-in-kirei\\\/\",\"name\":\"Entre Kirei - Kirei Italia\",\"isPartOf\":{\"@id\":\"https:\\\/\\\/www.kirei-italia.it\\\/#website\"},\"datePublished\":\"2017-09-14T07:29:39+00:00\",\"dateModified\":\"2021-02-11T16:49:32+00:00\",\"breadcrumb\":{\"@id\":\"https:\\\/\\\/www.kirei-italia.it\\\/fr\\\/entra-in-kirei\\\/#breadcrumb\"},\"inLanguage\":\"fr-FR\",\"potentialAction\":[{\"@type\":\"ReadAction\",\"target\":[\"https:\\\/\\\/www.kirei-italia.it\\\/fr\\\/entra-in-kirei\\\/\"]}]},{\"@type\":\"BreadcrumbList\",\"@id\":\"https:\\\/\\\/www.kirei-italia.it\\\/fr\\\/entra-in-kirei\\\/#breadcrumb\",\"itemListElement\":[{\"@type\":\"ListItem\",\"position\":1,\"name\":\"Home\",\"item\":\"https:\\\/\\\/www.kirei-italia.it\\\/fr\\\/\"},{\"@type\":\"ListItem\",\"position\":2,\"name\":\"Entre Kirei\"}]},{\"@type\":\"WebSite\",\"@id\":\"https:\\\/\\\/www.kirei-italia.it\\\/#website\",\"url\":\"https:\\\/\\\/www.kirei-italia.it\\\/\",\"name\":\"Kirei Italia\",\"description\":\"\",\"potentialAction\":[{\"@type\":\"SearchAction\",\"target\":{\"@type\":\"EntryPoint\",\"urlTemplate\":\"https:\\\/\\\/www.kirei-italia.it\\\/?s={search_term_string}\"},\"query-input\":{\"@type\":\"PropertyValueSpecification\",\"valueRequired\":true,\"valueName\":\"search_term_string\"}}],\"inLanguage\":\"fr-FR\"}]}<\/script>\n<!-- \/ Yoast SEO plugin. -->","yoast_head_json":{"title":"Entre Kirei - Kirei Italia","robots":{"index":"index","follow":"follow","max-snippet":"max-snippet:-1","max-image-preview":"max-image-preview:large","max-video-preview":"max-video-preview:-1"},"canonical":"https:\/\/www.kirei-italia.it\/fr\/entra-in-kirei\/","og_locale":"fr_FR","og_type":"article","og_title":"Entre Kirei - Kirei Italia","og_description":"REJOINDRE LA FAMILLE KIREI EST TR\u00c8S SIMPLE, CELA D\u00c9PEND UNIQUEMENT DES AMBITIONS QUE VOUS AVEZ DANS LA VIE. Si vous recherchez une activit\u00e9 qui vous permet de g\u00e9rer votre temps et vos gains en totale autonomie, devenez CONSULTANT *, vous d\u00e9couvrirez \u00e0 quel point c&rsquo;est facile et surtout plein de satisfactions. * Responsable de la [&hellip;]","og_url":"https:\/\/www.kirei-italia.it\/fr\/entra-in-kirei\/","og_site_name":"Kirei Italia","article_publisher":"https:\/\/www.facebook.com\/kireibiocosmetic\/","article_modified_time":"2021-02-11T16:49:32+00:00","og_image":[{"width":1200,"height":630,"url":"https:\/\/www.kirei-italia.it\/wp-content\/uploads\/2016\/11\/fb-default.jpg","type":"image\/jpeg"}],"twitter_card":"summary_large_image","schema":{"@context":"https:\/\/schema.org","@graph":[{"@type":"WebPage","@id":"https:\/\/www.kirei-italia.it\/fr\/entra-in-kirei\/","url":"https:\/\/www.kirei-italia.it\/fr\/entra-in-kirei\/","name":"Entre Kirei - Kirei Italia","isPartOf":{"@id":"https:\/\/www.kirei-italia.it\/#website"},"datePublished":"2017-09-14T07:29:39+00:00","dateModified":"2021-02-11T16:49:32+00:00","breadcrumb":{"@id":"https:\/\/www.kirei-italia.it\/fr\/entra-in-kirei\/#breadcrumb"},"inLanguage":"fr-FR","potentialAction":[{"@type":"ReadAction","target":["https:\/\/www.kirei-italia.it\/fr\/entra-in-kirei\/"]}]},{"@type":"BreadcrumbList","@id":"https:\/\/www.kirei-italia.it\/fr\/entra-in-kirei\/#breadcrumb","itemListElement":[{"@type":"ListItem","position":1,"name":"Home","item":"https:\/\/www.kirei-italia.it\/fr\/"},{"@type":"ListItem","position":2,"name":"Entre Kirei"}]},{"@type":"WebSite","@id":"https:\/\/www.kirei-italia.it\/#website","url":"https:\/\/www.kirei-italia.it\/","name":"Kirei Italia","description":"","potentialAction":[{"@type":"SearchAction","target":{"@type":"EntryPoint","urlTemplate":"https:\/\/www.kirei-italia.it\/?s={search_term_string}"},"query-input":{"@type":"PropertyValueSpecification","valueRequired":true,"valueName":"search_term_string"}}],"inLanguage":"fr-FR"}]}},"_links":{"self":[{"href":"https:\/\/www.kirei-italia.it\/fr\/wp-json\/wp\/v2\/pages\/3697","targetHints":{"allow":["GET"]}}],"collection":[{"href":"https:\/\/www.kirei-italia.it\/fr\/wp-json\/wp\/v2\/pages"}],"about":[{"href":"https:\/\/www.kirei-italia.it\/fr\/wp-json\/wp\/v2\/types\/page"}],"author":[{"embeddable":true,"href":"https:\/\/www.kirei-italia.it\/fr\/wp-json\/wp\/v2\/users\/1"}],"replies":[{"embeddable":true,"href":"https:\/\/www.kirei-italia.it\/fr\/wp-json\/wp\/v2\/comments?post=3697"}],"version-history":[{"count":0,"href":"https:\/\/www.kirei-italia.it\/fr\/wp-json\/wp\/v2\/pages\/3697\/revisions"}],"wp:attachment":[{"href":"https:\/\/www.kirei-italia.it\/fr\/wp-json\/wp\/v2\/media?parent=3697"}],"curies":[{"name":"wp","href":"https:\/\/api.w.org\/{rel}","templated":true}]}}