{"id":3694,"date":"2016-11-02T16:32:19","date_gmt":"2016-11-02T15:32:19","guid":{"rendered":"https:\/\/www.kirei-italia.it\/?page_id=3694"},"modified":"2021-02-15T17:06:48","modified_gmt":"2021-02-15T16:06:48","slug":"qui-nous-sommes","status":"publish","type":"page","link":"https:\/\/www.kirei-italia.it\/fr\/qui-nous-sommes\/","title":{"rendered":"Qui nous sommes"},"content":{"rendered":"<h3><strong><div class=\"epyt-video-wrapper\"><div  id=\"_ytid_18038\"  width=\"480\" height=\"270\"  data-origwidth=\"480\" data-origheight=\"270\"  data-relstop=\"1\" data-facadesrc=\"https:\/\/www.youtube-nocookie.com\/embed\/QROCjrE1rmo?enablejsapi=1&autoplay=0&cc_load_policy=0&cc_lang_pref=&iv_load_policy=1&loop=0&rel=0&fs=1&playsinline=0&autohide=2&theme=dark&color=red&controls=1&disablekb=0&\" class=\"__youtube_prefs__ epyt-facade no-lazyload\" data-epautoplay=\"1\" ><img decoding=\"async\" data-spai-excluded=\"true\" class=\"epyt-facade-poster skip-lazy\" loading=\"lazy\"  alt=\"YouTube player\"  src=\"https:\/\/i.ytimg.com\/vi\/QROCjrE1rmo\/hqdefault.jpg\"  \/><button class=\"epyt-facade-play\" aria-label=\"Play\"><svg data-no-lazy=\"1\" height=\"100%\" version=\"1.1\" viewBox=\"0 0 68 48\" width=\"100%\"><path class=\"ytp-large-play-button-bg\" d=\"M66.52,7.74c-0.78-2.93-2.49-5.41-5.42-6.19C55.79,.13,34,0,34,0S12.21,.13,6.9,1.55 C3.97,2.33,2.27,4.81,1.48,7.74C0.06,13.05,0,24,0,24s0.06,10.95,1.48,16.26c0.78,2.93,2.49,5.41,5.42,6.19 C12.21,47.87,34,48,34,48s21.79-0.13,27.1-1.55c2.93-0.78,4.64-3.26,5.42-6.19C67.94,34.95,68,24,68,24S67.94,13.05,66.52,7.74z\" fill=\"#f00\"><\/path><path d=\"M 45,24 27,14 27,34\" fill=\"#fff\"><\/path><\/svg><\/button><\/div><\/div><\/strong><\/h3>\n<h1><strong>Cosm\u00e9tiques et rem\u00e8des naturels<\/strong><\/h1>\n<p>Kirei est une excellente entreprise italienne de cosm\u00e9tique et d&rsquo;int\u00e9gration alimentaire sp\u00e9cialis\u00e9e dans les produits naturels, biologiques et 100% Made in Italy en distribuant la figure du \u00ab\u00a0Wellness Consultant\u00a0\u00bb.<\/p>\n<p>Dans le lointain 2004, le destin aurait voulu qu&rsquo;une exp\u00e9rience de travail en commun vous fasse rencontrer Massimo Fioriello et Tullio Lanfranchi. De cette exp\u00e9rience est n\u00e9e une profonde amiti\u00e9 qui, gr\u00e2ce \u00e0 la profonde passion pour les cosm\u00e9tiques naturels, a conduit \u00e0 la cr\u00e9ation de Kirei s.r.l. en 2009.<\/p>\n<p>La vision \u00e9tait claire de bout en bout: apprendre aux gens \u00e0 prendre soin de leur corps avec des rem\u00e8des naturels. En s\u00e9lectionnant des produits de qualit\u00e9 sup\u00e9rieure \u00e0 la moyenne, certifi\u00e9s par les organismes nationaux et mondiaux les plus r\u00e9put\u00e9s (Aiab, Suolo a Salute, Ecogruppo Italia, Natrue, etc.) et rigoureusement Made in Italy.<\/p>\n<p>Au fil des ans, Kirei a beaucoup grandi, augmentant les familles de produits gr\u00e2ce \u00e0 la pr\u00e9sence d&rsquo;une herboriste avec trente ans d&rsquo;exp\u00e9rience, Barbara Garbarino, qui s&rsquo;occupe toujours de la s\u00e9lection de fournisseurs fiables et comp\u00e9tents et d&rsquo;une production et d&rsquo;une production de haut niveau. standard de qualit\u00e9 et de production.<\/p>\n<p>A partir d&rsquo;octobre 2019 \u00ab\u00a0partenaire efficace\u00a0\u00bb d&rsquo;Avedisco. Depuis 1969, AVEDISCO pr\u00e9sente les r\u00e9alit\u00e9s industrielles et commerciales les plus importantes, italiennes et \u00e9trang\u00e8res, qui utilisent la vente directe \u00e0 domicile pour la distribution de leurs produits \/ services. https:\/\/www.avedisco.it\/it-IT\/Aziende-associate\/Soci-effettive.aspx<\/p>\n<p><a href=\"https:\/\/www.avedisco.it\/it-IT\/Aziende-associate\/Soci-effettivi.aspx\">https:\/\/www.avedisco.it\/it-IT\/Aziende-associate\/Soci-effettivi.aspx<\/a><\/p>\n<p><strong>L&rsquo;offre de Kirei comprend:<\/strong><\/p>\n<ul>\n<li><strong>Cosm\u00e9tique<\/strong> (Naturel et certifi\u00e9 BIO)<\/li>\n<li><strong>Compl\u00e9ments alimentaires<\/strong><\/li>\n<li><strong>Parfums Kirei<\/strong>: Diamond et ONE Line<\/li>\n<li><strong>Maquillage professionnel HD<\/strong><\/li>\n<li><strong>Nettoyage domestique<\/strong> (produits \u00e9cologiques et certifi\u00e9s BIO, ligne professionnelle HACCP)<\/li>\n<li><strong>Animal Friends<\/strong> (certifi\u00e9 BIO)<\/li>\n<\/ul>\n<p>&nbsp;<\/p>\n<p><em><strong>PLUS D&rsquo;INFORMATIONS SUR LES MEMBRES<\/strong><\/em><\/p>\n<p><strong><img decoding=\"async\" class=\"f-left alignleft wp-image-1912\" src=\"https:\/\/www.kirei-italia.it\/wp-content\/uploads\/2018\/04\/max-piccolo-box-per-chi-siamo-300x295.png\" alt=\"\" width=\"187\" height=\"184\" srcset=\"https:\/\/www.kirei-italia.it\/wp-content\/uploads\/2018\/04\/max-piccolo-box-per-chi-siamo-300x295.png 300w, https:\/\/www.kirei-italia.it\/wp-content\/uploads\/2018\/04\/max-piccolo-box-per-chi-siamo.png 347w\" sizes=\"(max-width: 187px) 100vw, 187px\" \/><\/strong><strong>Massimo Fioriello<\/strong>,<\/p>\n<p>Massimo Fioriello, n\u00e9 \u00e0 Milan, a fait ses premiers pas dans le monde du travail en 1991, dans la division Divertissement du groupe Mediaset, avoir affaire \u00e0 des managers de haut niveau qui lui ont permis de forger son propre caract\u00e8re, accumulant une exp\u00e9rience professionnelle et surtout humaine tr\u00e8s importante, ce qui lui a permis de g\u00e9rer, au cours de sa carri\u00e8re professionnelle, avec un naturel et une simplicit\u00e9 extr\u00eames, des groupes de travail plus ou moins grands, de quelques dizaines \u00e0 des milliers de personnes.<\/p>\n<p>Apr\u00e8s environ 10 ans, il d\u00e9cide de changer d&rsquo;entreprise pour acqu\u00e9rir de nouvelles exp\u00e9riences et s&rsquo;enrichir approfondir leur parcours professionnel en rejoignant un groupe d&rsquo;\u00e9dition MC GRAW-HILL o\u00f9 il d\u00e9couvre les secrets fascinants cach\u00e9s derri\u00e8re un \u00ab\u00a0Livre\u00a0\u00bb, de la cr\u00e9ation \u00e0 la publication.<\/p>\n<p>Sa passion pour les relations humaines l&rsquo;a ensuite amen\u00e9 \u00e0 vivre une exp\u00e9rience inoubliable dans le monde de la t\u00e9l\u00e9phonie en g\u00e9rant commercialement plus de 100 magasins et environ 500 employ\u00e9s.<\/p>\n<p>Avant de devenir ind\u00e9pendant, en 2011, il a compl\u00e9t\u00e9 le parcours manag\u00e9rial,dans le groupe Candy-Hoover, dans la division Petits \u00e9lectrom\u00e9nagers, ren alternance avec les plus importantes bourses et cha\u00eenes nationales (Media World, Unieuro, Expert, Euronics\u2026.)<\/p>\n<p>L&rsquo;amiti\u00e9 n\u00e9e avec Tullio Lanfranchi lors de son exp\u00e9rience au sein du groupe Candy-Hoover et le fort attrait des MARCH\u00c9S SP\u00c9CIAUX a conduit, en 2011, \u00e0 la r\u00e9vocation du r\u00f4le de chef d&rsquo;entreprise pour faire face, poss\u00e9der, un nouveau d\u00e9fi, risqu\u00e9 et fascinant: le MARCH\u00c9 PROMOTIONNEL (Catalogues ponctuels, collection Fidelity et Short d\u00e9j\u00e0 pr\u00e9sid\u00e9 par Tullio Lanfranchi), g\u00e9rer en totale autonomie un pool d&rsquo;entreprises s\u00e9lectionn\u00e9es tr\u00e8s importantes.<\/p>\n<p><strong>Parall\u00e8lement aux exp\u00e9riences commerciales, gr\u00e2ce \u00e0 la passion pour tout ce qui est naturel et au respect de la plan\u00e8te, en 2009, avec Tullio Lanfranchi, il a fond\u00e9 Kirei srl.<\/strong><\/p>\n<p>&nbsp;<\/p>\n<p><strong><img decoding=\"async\" class=\"f-left alignleft wp-image-1913\" src=\"https:\/\/www.kirei-italia.it\/wp-content\/uploads\/2018\/04\/tullio-piccolo-box-per-chi-siamo-274x300.png\" alt=\"\" width=\"170\" height=\"186\" srcset=\"https:\/\/www.kirei-italia.it\/wp-content\/uploads\/2018\/04\/tullio-piccolo-box-per-chi-siamo-274x300.png 274w, https:\/\/www.kirei-italia.it\/wp-content\/uploads\/2018\/04\/tullio-piccolo-box-per-chi-siamo.png 310w\" sizes=\"(max-width: 170px) 100vw, 170px\" \/><\/strong><strong>Tullio Lanfranchi<\/strong>,\nd&rsquo;origine Bergame et travailleur acharn\u00e9, a toujours aim\u00e9 \u00eatre Unique et apr\u00e8s de courtes exp\u00e9riences dans le secteur de la vente au d\u00e9tail et de l&rsquo;\u00e9lectrom\u00e9nager, s&rsquo;est lanc\u00e9 dans la cr\u00e9ation et le d\u00e9veloppement de la Division Petit Electrom\u00e9nager dans les entreprises familiales, s&rsquo;occupant de la cr\u00e9ation du catalogue et du r\u00e9seau de distribution en Italie. Le travail quotidien minutieux et intense a conduit, en quelques ann\u00e9es \u00e0 peine, augmenter significativement la taille de l&rsquo;entreprise et la diffusion de la marque dans toute l&rsquo;Italie (ARDES, SGL). Les nombreux et longs voyages \u00e0 travers l&rsquo;Italie l&rsquo;ont amen\u00e9 \u00e0 rencontrer de nombreuses personnes pour d\u00e9couvrir la passion des produits naturels.<\/p>\n<p>La forte propension \u00e0 la cr\u00e9ation de nouvelles affaires le conduit en 2003 au Candy Hoover Group o\u00f9 il est appel\u00e9 \u00e0 cr\u00e9er la DIVISION SPECIAL MARKETS et promouvoir toutes les cat\u00e9gories de produits du groupe (petit et grand appareil) aux marques les plus importantes de la sc\u00e8ne nationale (Esselunga, Coop, Conad, Q8, Eni, ecc..)<\/p>\n<p>En 2009, il d\u00e9cide de cr\u00e9er sa propre agence en fondant TL PROMOTION et en poursuivant la promotion des marques du Groupe Candy-Hoover qui accompagneront au fil du temps d&rsquo;autres entreprises de premier plan op\u00e9rant dans diff\u00e9rents secteurs (Briko, Casio, etc.).En 2011, Massimo Fioriello rejoindra en tant que partenaire TL PROMOTION compl\u00e9ter l&rsquo;offre de produits avec des entreprises d&rsquo;autres secteurs de produits.<\/p>\n<p><strong>Toujours en 2009, apr\u00e8s avoir rencontr\u00e9 Massimo Fioriello lors de l&rsquo;exp\u00e9rience commune au sein du groupe Candy-Hoover, partageant une passion pour le naturel et le bio, il fonde Kirei srl.<\/strong><\/p>\n<p>&nbsp;<\/p>\n<p>&nbsp;<\/p>\n<p><img decoding=\"async\" class=\"f-left alignleft wp-image-2314 size-full\" src=\"https:\/\/www.kirei-italia.it\/wp-content\/uploads\/2019\/05\/barbara.jpg\" alt=\"\" width=\"141\" height=\"203\" \/><\/p>\n<p><strong>Barbara Garbarino (l\u2019erborista di Kirei),\n<\/strong>Piemontese doc, de Acqui Terme, travailleur acharn\u00e9 et humble professionnel, a forg\u00e9 son caract\u00e8re en 22 ans de travail intense, lourd et enrichissant v\u00e9cu derri\u00e8re le comptoir de son herboriste \u00ab\u00a0La Verbena\u00a0\u00bb en Nizza Monferrato (AT).<\/p>\n<p>En1992, les \u00e9v\u00e9nements de la vie la d\u00e9chirent d&rsquo;un parcours universitaire diff\u00e9rent pour la catapulter directement dans l&rsquo;herboristerie familiale devenant une r\u00e9f\u00e9rence pour tout le pays et pour le tourisme r\u00e9current.<\/p>\n<p>En 2009, une rencontre fortuite, le coup de foudre imm\u00e9diat avec Massimo Fioriello, change compl\u00e8tement sa vie et devient une r\u00e9f\u00e9rence tr\u00e8s importante pour la naissance et le d\u00e9veloppement de Kirei!<\/p>\n<p>&nbsp;<\/p>\n<p>&nbsp;<\/p>\n","protected":false},"excerpt":{"rendered":"<p>Cosm\u00e9tiques et rem\u00e8des naturels Kirei est une excellente entreprise italienne de cosm\u00e9tique et d&rsquo;int\u00e9gration alimentaire sp\u00e9cialis\u00e9e dans les produits naturels, biologiques et 100% Made in Italy en distribuant la figure du \u00ab\u00a0Wellness Consultant\u00a0\u00bb. Dans le lointain 2004, le destin aurait voulu qu&rsquo;une exp\u00e9rience de travail en commun vous fasse rencontrer Massimo Fioriello et Tullio Lanfranchi. [&hellip;]<\/p>\n","protected":false},"author":1,"featured_media":0,"parent":0,"menu_order":0,"comment_status":"closed","ping_status":"closed","template":"","meta":{"_acf_changed":false,"footnotes":""},"class_list":["post-3694","page","type-page","status-publish","hentry"],"acf":[],"yoast_head":"<!-- This site is optimized with the Yoast SEO plugin v27.4 - https:\/\/yoast.com\/product\/yoast-seo-wordpress\/ -->\n<title>Qui nous sommes - Kirei Italia<\/title>\n<meta name=\"robots\" content=\"index, follow, max-snippet:-1, max-image-preview:large, max-video-preview:-1\" \/>\n<link rel=\"canonical\" href=\"https:\/\/www.kirei-italia.it\/fr\/qui-nous-sommes\/\" \/>\n<meta property=\"og:locale\" content=\"fr_FR\" \/>\n<meta property=\"og:type\" content=\"article\" \/>\n<meta property=\"og:title\" content=\"Qui nous sommes - Kirei Italia\" \/>\n<meta property=\"og:description\" content=\"Cosm\u00e9tiques et rem\u00e8des naturels Kirei est une excellente entreprise italienne de cosm\u00e9tique et d&rsquo;int\u00e9gration alimentaire sp\u00e9cialis\u00e9e dans les produits naturels, biologiques et 100% Made in Italy en distribuant la figure du \u00ab\u00a0Wellness Consultant\u00a0\u00bb. Dans le lointain 2004, le destin aurait voulu qu&rsquo;une exp\u00e9rience de travail en commun vous fasse rencontrer Massimo Fioriello et Tullio Lanfranchi. [&hellip;]\" \/>\n<meta property=\"og:url\" content=\"https:\/\/www.kirei-italia.it\/fr\/qui-nous-sommes\/\" \/>\n<meta property=\"og:site_name\" content=\"Kirei Italia\" \/>\n<meta property=\"article:publisher\" content=\"https:\/\/www.facebook.com\/kireibiocosmetic\/\" \/>\n<meta property=\"article:modified_time\" content=\"2021-02-15T16:06:48+00:00\" \/>\n<meta property=\"og:image\" content=\"https:\/\/www.kirei-italia.it\/wp-content\/uploads\/2018\/04\/max-piccolo-box-per-chi-siamo-300x295.png\" \/>\n<meta name=\"twitter:card\" content=\"summary_large_image\" \/>\n<meta name=\"twitter:label1\" content=\"Dur\u00e9e de lecture estim\u00e9e\" \/>\n\t<meta name=\"twitter:data1\" content=\"5 minutes\" \/>\n<script type=\"application\/ld+json\" class=\"yoast-schema-graph\">{\"@context\":\"https:\\\/\\\/schema.org\",\"@graph\":[{\"@type\":\"WebPage\",\"@id\":\"https:\\\/\\\/www.kirei-italia.it\\\/fr\\\/qui-nous-sommes\\\/\",\"url\":\"https:\\\/\\\/www.kirei-italia.it\\\/fr\\\/qui-nous-sommes\\\/\",\"name\":\"Qui nous sommes - Kirei Italia\",\"isPartOf\":{\"@id\":\"https:\\\/\\\/www.kirei-italia.it\\\/#website\"},\"primaryImageOfPage\":{\"@id\":\"https:\\\/\\\/www.kirei-italia.it\\\/fr\\\/qui-nous-sommes\\\/#primaryimage\"},\"image\":{\"@id\":\"https:\\\/\\\/www.kirei-italia.it\\\/fr\\\/qui-nous-sommes\\\/#primaryimage\"},\"thumbnailUrl\":\"https:\\\/\\\/www.kirei-italia.it\\\/wp-content\\\/uploads\\\/2018\\\/04\\\/max-piccolo-box-per-chi-siamo-300x295.png\",\"datePublished\":\"2016-11-02T15:32:19+00:00\",\"dateModified\":\"2021-02-15T16:06:48+00:00\",\"breadcrumb\":{\"@id\":\"https:\\\/\\\/www.kirei-italia.it\\\/fr\\\/qui-nous-sommes\\\/#breadcrumb\"},\"inLanguage\":\"fr-FR\",\"potentialAction\":[{\"@type\":\"ReadAction\",\"target\":[\"https:\\\/\\\/www.kirei-italia.it\\\/fr\\\/qui-nous-sommes\\\/\"]}]},{\"@type\":\"ImageObject\",\"inLanguage\":\"fr-FR\",\"@id\":\"https:\\\/\\\/www.kirei-italia.it\\\/fr\\\/qui-nous-sommes\\\/#primaryimage\",\"url\":\"https:\\\/\\\/www.kirei-italia.it\\\/wp-content\\\/uploads\\\/2018\\\/04\\\/max-piccolo-box-per-chi-siamo-300x295.png\",\"contentUrl\":\"https:\\\/\\\/www.kirei-italia.it\\\/wp-content\\\/uploads\\\/2018\\\/04\\\/max-piccolo-box-per-chi-siamo-300x295.png\"},{\"@type\":\"BreadcrumbList\",\"@id\":\"https:\\\/\\\/www.kirei-italia.it\\\/fr\\\/qui-nous-sommes\\\/#breadcrumb\",\"itemListElement\":[{\"@type\":\"ListItem\",\"position\":1,\"name\":\"Home\",\"item\":\"https:\\\/\\\/www.kirei-italia.it\\\/fr\\\/\"},{\"@type\":\"ListItem\",\"position\":2,\"name\":\"Qui nous sommes\"}]},{\"@type\":\"WebSite\",\"@id\":\"https:\\\/\\\/www.kirei-italia.it\\\/#website\",\"url\":\"https:\\\/\\\/www.kirei-italia.it\\\/\",\"name\":\"Kirei Italia\",\"description\":\"\",\"potentialAction\":[{\"@type\":\"SearchAction\",\"target\":{\"@type\":\"EntryPoint\",\"urlTemplate\":\"https:\\\/\\\/www.kirei-italia.it\\\/?s={search_term_string}\"},\"query-input\":{\"@type\":\"PropertyValueSpecification\",\"valueRequired\":true,\"valueName\":\"search_term_string\"}}],\"inLanguage\":\"fr-FR\"}]}<\/script>\n<!-- \/ Yoast SEO plugin. -->","yoast_head_json":{"title":"Qui nous sommes - Kirei Italia","robots":{"index":"index","follow":"follow","max-snippet":"max-snippet:-1","max-image-preview":"max-image-preview:large","max-video-preview":"max-video-preview:-1"},"canonical":"https:\/\/www.kirei-italia.it\/fr\/qui-nous-sommes\/","og_locale":"fr_FR","og_type":"article","og_title":"Qui nous sommes - Kirei Italia","og_description":"Cosm\u00e9tiques et rem\u00e8des naturels Kirei est une excellente entreprise italienne de cosm\u00e9tique et d&rsquo;int\u00e9gration alimentaire sp\u00e9cialis\u00e9e dans les produits naturels, biologiques et 100% Made in Italy en distribuant la figure du \u00ab\u00a0Wellness Consultant\u00a0\u00bb. Dans le lointain 2004, le destin aurait voulu qu&rsquo;une exp\u00e9rience de travail en commun vous fasse rencontrer Massimo Fioriello et Tullio Lanfranchi. [&hellip;]","og_url":"https:\/\/www.kirei-italia.it\/fr\/qui-nous-sommes\/","og_site_name":"Kirei Italia","article_publisher":"https:\/\/www.facebook.com\/kireibiocosmetic\/","article_modified_time":"2021-02-15T16:06:48+00:00","og_image":[{"url":"https:\/\/www.kirei-italia.it\/wp-content\/uploads\/2018\/04\/max-piccolo-box-per-chi-siamo-300x295.png","type":"","width":"","height":""}],"twitter_card":"summary_large_image","twitter_misc":{"Dur\u00e9e de lecture estim\u00e9e":"5 minutes"},"schema":{"@context":"https:\/\/schema.org","@graph":[{"@type":"WebPage","@id":"https:\/\/www.kirei-italia.it\/fr\/qui-nous-sommes\/","url":"https:\/\/www.kirei-italia.it\/fr\/qui-nous-sommes\/","name":"Qui nous sommes - Kirei Italia","isPartOf":{"@id":"https:\/\/www.kirei-italia.it\/#website"},"primaryImageOfPage":{"@id":"https:\/\/www.kirei-italia.it\/fr\/qui-nous-sommes\/#primaryimage"},"image":{"@id":"https:\/\/www.kirei-italia.it\/fr\/qui-nous-sommes\/#primaryimage"},"thumbnailUrl":"https:\/\/www.kirei-italia.it\/wp-content\/uploads\/2018\/04\/max-piccolo-box-per-chi-siamo-300x295.png","datePublished":"2016-11-02T15:32:19+00:00","dateModified":"2021-02-15T16:06:48+00:00","breadcrumb":{"@id":"https:\/\/www.kirei-italia.it\/fr\/qui-nous-sommes\/#breadcrumb"},"inLanguage":"fr-FR","potentialAction":[{"@type":"ReadAction","target":["https:\/\/www.kirei-italia.it\/fr\/qui-nous-sommes\/"]}]},{"@type":"ImageObject","inLanguage":"fr-FR","@id":"https:\/\/www.kirei-italia.it\/fr\/qui-nous-sommes\/#primaryimage","url":"https:\/\/www.kirei-italia.it\/wp-content\/uploads\/2018\/04\/max-piccolo-box-per-chi-siamo-300x295.png","contentUrl":"https:\/\/www.kirei-italia.it\/wp-content\/uploads\/2018\/04\/max-piccolo-box-per-chi-siamo-300x295.png"},{"@type":"BreadcrumbList","@id":"https:\/\/www.kirei-italia.it\/fr\/qui-nous-sommes\/#breadcrumb","itemListElement":[{"@type":"ListItem","position":1,"name":"Home","item":"https:\/\/www.kirei-italia.it\/fr\/"},{"@type":"ListItem","position":2,"name":"Qui nous sommes"}]},{"@type":"WebSite","@id":"https:\/\/www.kirei-italia.it\/#website","url":"https:\/\/www.kirei-italia.it\/","name":"Kirei Italia","description":"","potentialAction":[{"@type":"SearchAction","target":{"@type":"EntryPoint","urlTemplate":"https:\/\/www.kirei-italia.it\/?s={search_term_string}"},"query-input":{"@type":"PropertyValueSpecification","valueRequired":true,"valueName":"search_term_string"}}],"inLanguage":"fr-FR"}]}},"_links":{"self":[{"href":"https:\/\/www.kirei-italia.it\/fr\/wp-json\/wp\/v2\/pages\/3694","targetHints":{"allow":["GET"]}}],"collection":[{"href":"https:\/\/www.kirei-italia.it\/fr\/wp-json\/wp\/v2\/pages"}],"about":[{"href":"https:\/\/www.kirei-italia.it\/fr\/wp-json\/wp\/v2\/types\/page"}],"author":[{"embeddable":true,"href":"https:\/\/www.kirei-italia.it\/fr\/wp-json\/wp\/v2\/users\/1"}],"replies":[{"embeddable":true,"href":"https:\/\/www.kirei-italia.it\/fr\/wp-json\/wp\/v2\/comments?post=3694"}],"version-history":[{"count":0,"href":"https:\/\/www.kirei-italia.it\/fr\/wp-json\/wp\/v2\/pages\/3694\/revisions"}],"wp:attachment":[{"href":"https:\/\/www.kirei-italia.it\/fr\/wp-json\/wp\/v2\/media?parent=3694"}],"curies":[{"name":"wp","href":"https:\/\/api.w.org\/{rel}","templated":true}]}}