{"id":8055,"date":"2017-09-14T09:29:39","date_gmt":"2017-09-14T07:29:39","guid":{"rendered":"https:\/\/www.kirei-italia.it\/entra-in-kirei\/"},"modified":"2023-06-12T16:51:45","modified_gmt":"2023-06-12T14:51:45","slug":"entra-in-kirei","status":"publish","type":"page","link":"https:\/\/www.kirei-italia.it\/es\/entra-in-kirei\/","title":{"rendered":"Entra Kirei"},"content":{"rendered":"<p>ENTRAR EN LA FAMILIA KIREI ES MUY SENCILLO, S\u00d3LO DEPENDE DE TUS AMBICIONES EN LA VIDA.<\/p>\n<p>Si buscas una actividad que te permita gestionar tu tiempo y tus ingresos con total autonom\u00eda, hazte CONSULTOR*, descubrir\u00e1s lo f\u00e1cil que es y, sobre todo, lo gratificante que resulta.* A cargo de las ventas a domicilio seg\u00fan el art. 19 D.Lgs. 114\/98 y posteriores modificaciones y L. 173\/2005<\/p>\n","protected":false},"excerpt":{"rendered":"<p>ENTRAR EN LA FAMILIA KIREI ES MUY SENCILLO, S\u00d3LO DEPENDE DE TUS AMBICIONES EN LA VIDA. Si buscas una actividad que te permita gestionar tu tiempo y tus ingresos con total autonom\u00eda, hazte CONSULTOR*, descubrir\u00e1s lo f\u00e1cil que es y, sobre todo, lo gratificante que resulta.* A cargo de las ventas a domicilio seg\u00fan el [&hellip;]<\/p>\n","protected":false},"author":1,"featured_media":0,"parent":0,"menu_order":0,"comment_status":"closed","ping_status":"closed","template":"","meta":{"_acf_changed":false,"footnotes":""},"class_list":["post-8055","page","type-page","status-publish","hentry"],"acf":[],"yoast_head":"<!-- This site is optimized with the Yoast SEO plugin v27.3 - https:\/\/yoast.com\/product\/yoast-seo-wordpress\/ -->\n<title>Entra Kirei - Kirei Italia<\/title>\n<meta name=\"robots\" content=\"index, follow, max-snippet:-1, max-image-preview:large, max-video-preview:-1\" \/>\n<link rel=\"canonical\" href=\"https:\/\/www.kirei-italia.it\/es\/entra-in-kirei\/\" \/>\n<meta property=\"og:locale\" content=\"es_ES\" \/>\n<meta property=\"og:type\" content=\"article\" \/>\n<meta property=\"og:title\" content=\"Entra Kirei - Kirei Italia\" \/>\n<meta property=\"og:description\" content=\"ENTRAR EN LA FAMILIA KIREI ES MUY SENCILLO, S\u00d3LO DEPENDE DE TUS AMBICIONES EN LA VIDA. Si buscas una actividad que te permita gestionar tu tiempo y tus ingresos con total autonom\u00eda, hazte CONSULTOR*, descubrir\u00e1s lo f\u00e1cil que es y, sobre todo, lo gratificante que resulta.* A cargo de las ventas a domicilio seg\u00fan el [&hellip;]\" \/>\n<meta property=\"og:url\" content=\"https:\/\/www.kirei-italia.it\/es\/entra-in-kirei\/\" \/>\n<meta property=\"og:site_name\" content=\"Kirei Italia\" \/>\n<meta property=\"article:publisher\" content=\"https:\/\/www.facebook.com\/kireibiocosmetic\/\" \/>\n<meta property=\"article:modified_time\" content=\"2023-06-12T14:51:45+00:00\" \/>\n<meta property=\"og:image\" content=\"https:\/\/www.kirei-italia.it\/wp-content\/uploads\/2016\/11\/fb-default.jpg\" \/>\n\t<meta property=\"og:image:width\" content=\"1200\" \/>\n\t<meta property=\"og:image:height\" content=\"630\" \/>\n\t<meta property=\"og:image:type\" content=\"image\/jpeg\" \/>\n<meta name=\"twitter:card\" content=\"summary_large_image\" \/>\n<meta name=\"twitter:label1\" content=\"Tiempo de lectura\" \/>\n\t<meta name=\"twitter:data1\" content=\"1 minuto\" \/>\n<script type=\"application\/ld+json\" class=\"yoast-schema-graph\">{\"@context\":\"https:\\\/\\\/schema.org\",\"@graph\":[{\"@type\":\"WebPage\",\"@id\":\"https:\\\/\\\/www.kirei-italia.it\\\/es\\\/entra-in-kirei\\\/\",\"url\":\"https:\\\/\\\/www.kirei-italia.it\\\/es\\\/entra-in-kirei\\\/\",\"name\":\"Entra Kirei - Kirei Italia\",\"isPartOf\":{\"@id\":\"https:\\\/\\\/www.kirei-italia.it\\\/#website\"},\"datePublished\":\"2017-09-14T07:29:39+00:00\",\"dateModified\":\"2023-06-12T14:51:45+00:00\",\"breadcrumb\":{\"@id\":\"https:\\\/\\\/www.kirei-italia.it\\\/es\\\/entra-in-kirei\\\/#breadcrumb\"},\"inLanguage\":\"es\",\"potentialAction\":[{\"@type\":\"ReadAction\",\"target\":[\"https:\\\/\\\/www.kirei-italia.it\\\/es\\\/entra-in-kirei\\\/\"]}]},{\"@type\":\"BreadcrumbList\",\"@id\":\"https:\\\/\\\/www.kirei-italia.it\\\/es\\\/entra-in-kirei\\\/#breadcrumb\",\"itemListElement\":[{\"@type\":\"ListItem\",\"position\":1,\"name\":\"Home\",\"item\":\"https:\\\/\\\/www.kirei-italia.it\\\/es\\\/\"},{\"@type\":\"ListItem\",\"position\":2,\"name\":\"Entra Kirei\"}]},{\"@type\":\"WebSite\",\"@id\":\"https:\\\/\\\/www.kirei-italia.it\\\/#website\",\"url\":\"https:\\\/\\\/www.kirei-italia.it\\\/\",\"name\":\"Kirei Italia\",\"description\":\"\",\"potentialAction\":[{\"@type\":\"SearchAction\",\"target\":{\"@type\":\"EntryPoint\",\"urlTemplate\":\"https:\\\/\\\/www.kirei-italia.it\\\/?s={search_term_string}\"},\"query-input\":{\"@type\":\"PropertyValueSpecification\",\"valueRequired\":true,\"valueName\":\"search_term_string\"}}],\"inLanguage\":\"es\"}]}<\/script>\n<!-- \/ Yoast SEO plugin. -->","yoast_head_json":{"title":"Entra Kirei - Kirei Italia","robots":{"index":"index","follow":"follow","max-snippet":"max-snippet:-1","max-image-preview":"max-image-preview:large","max-video-preview":"max-video-preview:-1"},"canonical":"https:\/\/www.kirei-italia.it\/es\/entra-in-kirei\/","og_locale":"es_ES","og_type":"article","og_title":"Entra Kirei - Kirei Italia","og_description":"ENTRAR EN LA FAMILIA KIREI ES MUY SENCILLO, S\u00d3LO DEPENDE DE TUS AMBICIONES EN LA VIDA. Si buscas una actividad que te permita gestionar tu tiempo y tus ingresos con total autonom\u00eda, hazte CONSULTOR*, descubrir\u00e1s lo f\u00e1cil que es y, sobre todo, lo gratificante que resulta.* A cargo de las ventas a domicilio seg\u00fan el [&hellip;]","og_url":"https:\/\/www.kirei-italia.it\/es\/entra-in-kirei\/","og_site_name":"Kirei Italia","article_publisher":"https:\/\/www.facebook.com\/kireibiocosmetic\/","article_modified_time":"2023-06-12T14:51:45+00:00","og_image":[{"width":1200,"height":630,"url":"https:\/\/www.kirei-italia.it\/wp-content\/uploads\/2016\/11\/fb-default.jpg","type":"image\/jpeg"}],"twitter_card":"summary_large_image","twitter_misc":{"Tiempo de lectura":"1 minuto"},"schema":{"@context":"https:\/\/schema.org","@graph":[{"@type":"WebPage","@id":"https:\/\/www.kirei-italia.it\/es\/entra-in-kirei\/","url":"https:\/\/www.kirei-italia.it\/es\/entra-in-kirei\/","name":"Entra Kirei - Kirei Italia","isPartOf":{"@id":"https:\/\/www.kirei-italia.it\/#website"},"datePublished":"2017-09-14T07:29:39+00:00","dateModified":"2023-06-12T14:51:45+00:00","breadcrumb":{"@id":"https:\/\/www.kirei-italia.it\/es\/entra-in-kirei\/#breadcrumb"},"inLanguage":"es","potentialAction":[{"@type":"ReadAction","target":["https:\/\/www.kirei-italia.it\/es\/entra-in-kirei\/"]}]},{"@type":"BreadcrumbList","@id":"https:\/\/www.kirei-italia.it\/es\/entra-in-kirei\/#breadcrumb","itemListElement":[{"@type":"ListItem","position":1,"name":"Home","item":"https:\/\/www.kirei-italia.it\/es\/"},{"@type":"ListItem","position":2,"name":"Entra Kirei"}]},{"@type":"WebSite","@id":"https:\/\/www.kirei-italia.it\/#website","url":"https:\/\/www.kirei-italia.it\/","name":"Kirei Italia","description":"","potentialAction":[{"@type":"SearchAction","target":{"@type":"EntryPoint","urlTemplate":"https:\/\/www.kirei-italia.it\/?s={search_term_string}"},"query-input":{"@type":"PropertyValueSpecification","valueRequired":true,"valueName":"search_term_string"}}],"inLanguage":"es"}]}},"_links":{"self":[{"href":"https:\/\/www.kirei-italia.it\/es\/wp-json\/wp\/v2\/pages\/8055","targetHints":{"allow":["GET"]}}],"collection":[{"href":"https:\/\/www.kirei-italia.it\/es\/wp-json\/wp\/v2\/pages"}],"about":[{"href":"https:\/\/www.kirei-italia.it\/es\/wp-json\/wp\/v2\/types\/page"}],"author":[{"embeddable":true,"href":"https:\/\/www.kirei-italia.it\/es\/wp-json\/wp\/v2\/users\/1"}],"replies":[{"embeddable":true,"href":"https:\/\/www.kirei-italia.it\/es\/wp-json\/wp\/v2\/comments?post=8055"}],"version-history":[{"count":0,"href":"https:\/\/www.kirei-italia.it\/es\/wp-json\/wp\/v2\/pages\/8055\/revisions"}],"wp:attachment":[{"href":"https:\/\/www.kirei-italia.it\/es\/wp-json\/wp\/v2\/media?parent=8055"}],"curies":[{"name":"wp","href":"https:\/\/api.w.org\/{rel}","templated":true}]}}