{"id":8036,"date":"2017-09-14T09:28:24","date_gmt":"2017-09-14T07:28:24","guid":{"rendered":"https:\/\/www.kirei-italia.it\/come-acquistare\/"},"modified":"2023-06-12T16:48:49","modified_gmt":"2023-06-12T14:48:49","slug":"come-acquistare","status":"publish","type":"page","link":"https:\/\/www.kirei-italia.it\/es\/come-acquistare\/","title":{"rendered":"C\u00f3mo comprar"},"content":{"rendered":"\n<div data-elementor-type=\"wp-page\" data-elementor-id=\"8036\" class=\"elementor elementor-8036\" data-elementor-post-type=\"page\">\n<section class=\"elementor-section elementor-top-section elementor-element elementor-element-6157ef95 elementor-section-boxed elementor-section-height-default elementor-section-height-default\" data-id=\"6157ef95\" data-element_type=\"section\" data-e-type=\"section\">\n<div class=\"elementor-container elementor-column-gap-default\">\n<div class=\"elementor-column elementor-col-100 elementor-top-column elementor-element elementor-element-55d1013b\" data-id=\"55d1013b\" data-element_type=\"column\" data-e-type=\"column\">\n<div class=\"elementor-widget-wrap elementor-element-populated\">\n<div class=\"elementor-element elementor-element-186ba372 elementor-widget__width-initial elementor-widget elementor-widget-text-editor\" data-id=\"186ba372\" data-element_type=\"widget\" data-e-type=\"widget\" data-widget_type=\"text-editor.default\">\n<div class=\"elementor-widget-container\">\n<p>Comprar productos Kirei es muy sencillo y le permitir\u00e1 experimentar la calidad y eficacia de las f\u00f3rmulas y descubrir que podr\u00eda convertirse en una oportunidad laboral muy interesante y bien remunerada para USTED.<\/p>\n<p>\u00a0<\/p>\n<p>Al conocer a uno de nuestros asesores, descubrir\u00e1 la pasi\u00f3n que ponemos en nuestro trabajo y los principios que nos gu\u00edan en nuestro d\u00eda a d\u00eda:<\/p>\n<p>\u00a0<\/p>\n<ol>\n<li>Propuesta de productos Naturales y Ecol\u00f3gicos seleccionados por profesionales<\/li>\n<li>Respeto por las personas y el bien com\u00fan<\/li>\n<li>Sostenibilidad de cualquier acci\u00f3n comercial mkt<\/li>\n<li>Garant\u00eda de legalidad: \u00abMiembro de pleno derecho\u00bb en Avedisco (principal asociaci\u00f3n comercial de empresas de venta directa a domicilio)<\/li>\n<\/ol>\n<p>\u00a1\u00danete a una fiesta o convi\u00e9rtete en Cliente PREMIUM!<\/p>\n<p>Descubra c\u00f3mo en las dos casillas de abajo&#8230;<\/p>\n<p>\u00a0<\/p>\n<\/p><\/div>\n<\/p><\/div>\n<\/p><\/div>\n<\/p><\/div>\n<\/p><\/div>\n<\/section><\/div>\n","protected":false},"excerpt":{"rendered":"<p>Comprar productos Kirei es muy sencillo y le permitir\u00e1 experimentar la calidad y eficacia de las f\u00f3rmulas y descubrir que podr\u00eda convertirse en una oportunidad laboral muy interesante y bien remunerada para USTED. Al conocer a uno de nuestros asesores, descubrir\u00e1 la pasi\u00f3n que ponemos en nuestro trabajo y los principios que nos gu\u00edan en [&hellip;]<\/p>\n","protected":false},"author":1,"featured_media":0,"parent":0,"menu_order":0,"comment_status":"closed","ping_status":"closed","template":"","meta":{"_acf_changed":false,"footnotes":""},"class_list":["post-8036","page","type-page","status-publish","hentry"],"acf":[],"yoast_head":"<!-- This site is optimized with the Yoast SEO plugin v27.4 - https:\/\/yoast.com\/product\/yoast-seo-wordpress\/ -->\n<title>C\u00f3mo comprar - Kirei Italia<\/title>\n<meta name=\"robots\" content=\"index, follow, max-snippet:-1, max-image-preview:large, max-video-preview:-1\" \/>\n<link rel=\"canonical\" href=\"https:\/\/www.kirei-italia.it\/es\/come-acquistare\/\" \/>\n<meta property=\"og:locale\" content=\"es_ES\" \/>\n<meta property=\"og:type\" content=\"article\" \/>\n<meta property=\"og:title\" content=\"C\u00f3mo comprar - Kirei Italia\" \/>\n<meta property=\"og:description\" content=\"Comprar productos Kirei es muy sencillo y le permitir\u00e1 experimentar la calidad y eficacia de las f\u00f3rmulas y descubrir que podr\u00eda convertirse en una oportunidad laboral muy interesante y bien remunerada para USTED. Al conocer a uno de nuestros asesores, descubrir\u00e1 la pasi\u00f3n que ponemos en nuestro trabajo y los principios que nos gu\u00edan en [&hellip;]\" \/>\n<meta property=\"og:url\" content=\"https:\/\/www.kirei-italia.it\/es\/come-acquistare\/\" \/>\n<meta property=\"og:site_name\" content=\"Kirei Italia\" \/>\n<meta property=\"article:publisher\" content=\"https:\/\/www.facebook.com\/kireibiocosmetic\/\" \/>\n<meta property=\"article:modified_time\" content=\"2023-06-12T14:48:49+00:00\" \/>\n<meta property=\"og:image\" content=\"https:\/\/www.kirei-italia.it\/wp-content\/uploads\/2016\/11\/fb-default.jpg\" \/>\n\t<meta property=\"og:image:width\" content=\"1200\" \/>\n\t<meta property=\"og:image:height\" content=\"630\" \/>\n\t<meta property=\"og:image:type\" content=\"image\/jpeg\" \/>\n<meta name=\"twitter:card\" content=\"summary_large_image\" \/>\n<meta name=\"twitter:label1\" content=\"Tiempo de lectura\" \/>\n\t<meta name=\"twitter:data1\" content=\"1 minuto\" \/>\n<script type=\"application\/ld+json\" class=\"yoast-schema-graph\">{\"@context\":\"https:\\\/\\\/schema.org\",\"@graph\":[{\"@type\":\"WebPage\",\"@id\":\"https:\\\/\\\/www.kirei-italia.it\\\/es\\\/come-acquistare\\\/\",\"url\":\"https:\\\/\\\/www.kirei-italia.it\\\/es\\\/come-acquistare\\\/\",\"name\":\"C\u00f3mo comprar - Kirei Italia\",\"isPartOf\":{\"@id\":\"https:\\\/\\\/www.kirei-italia.it\\\/#website\"},\"datePublished\":\"2017-09-14T07:28:24+00:00\",\"dateModified\":\"2023-06-12T14:48:49+00:00\",\"breadcrumb\":{\"@id\":\"https:\\\/\\\/www.kirei-italia.it\\\/es\\\/come-acquistare\\\/#breadcrumb\"},\"inLanguage\":\"es\",\"potentialAction\":[{\"@type\":\"ReadAction\",\"target\":[\"https:\\\/\\\/www.kirei-italia.it\\\/es\\\/come-acquistare\\\/\"]}]},{\"@type\":\"BreadcrumbList\",\"@id\":\"https:\\\/\\\/www.kirei-italia.it\\\/es\\\/come-acquistare\\\/#breadcrumb\",\"itemListElement\":[{\"@type\":\"ListItem\",\"position\":1,\"name\":\"Home\",\"item\":\"https:\\\/\\\/www.kirei-italia.it\\\/es\\\/\"},{\"@type\":\"ListItem\",\"position\":2,\"name\":\"C\u00f3mo comprar\"}]},{\"@type\":\"WebSite\",\"@id\":\"https:\\\/\\\/www.kirei-italia.it\\\/#website\",\"url\":\"https:\\\/\\\/www.kirei-italia.it\\\/\",\"name\":\"Kirei Italia\",\"description\":\"\",\"potentialAction\":[{\"@type\":\"SearchAction\",\"target\":{\"@type\":\"EntryPoint\",\"urlTemplate\":\"https:\\\/\\\/www.kirei-italia.it\\\/?s={search_term_string}\"},\"query-input\":{\"@type\":\"PropertyValueSpecification\",\"valueRequired\":true,\"valueName\":\"search_term_string\"}}],\"inLanguage\":\"es\"}]}<\/script>\n<!-- \/ Yoast SEO plugin. -->","yoast_head_json":{"title":"C\u00f3mo comprar - Kirei Italia","robots":{"index":"index","follow":"follow","max-snippet":"max-snippet:-1","max-image-preview":"max-image-preview:large","max-video-preview":"max-video-preview:-1"},"canonical":"https:\/\/www.kirei-italia.it\/es\/come-acquistare\/","og_locale":"es_ES","og_type":"article","og_title":"C\u00f3mo comprar - Kirei Italia","og_description":"Comprar productos Kirei es muy sencillo y le permitir\u00e1 experimentar la calidad y eficacia de las f\u00f3rmulas y descubrir que podr\u00eda convertirse en una oportunidad laboral muy interesante y bien remunerada para USTED. Al conocer a uno de nuestros asesores, descubrir\u00e1 la pasi\u00f3n que ponemos en nuestro trabajo y los principios que nos gu\u00edan en [&hellip;]","og_url":"https:\/\/www.kirei-italia.it\/es\/come-acquistare\/","og_site_name":"Kirei Italia","article_publisher":"https:\/\/www.facebook.com\/kireibiocosmetic\/","article_modified_time":"2023-06-12T14:48:49+00:00","og_image":[{"width":1200,"height":630,"url":"https:\/\/www.kirei-italia.it\/wp-content\/uploads\/2016\/11\/fb-default.jpg","type":"image\/jpeg"}],"twitter_card":"summary_large_image","twitter_misc":{"Tiempo de lectura":"1 minuto"},"schema":{"@context":"https:\/\/schema.org","@graph":[{"@type":"WebPage","@id":"https:\/\/www.kirei-italia.it\/es\/come-acquistare\/","url":"https:\/\/www.kirei-italia.it\/es\/come-acquistare\/","name":"C\u00f3mo comprar - Kirei Italia","isPartOf":{"@id":"https:\/\/www.kirei-italia.it\/#website"},"datePublished":"2017-09-14T07:28:24+00:00","dateModified":"2023-06-12T14:48:49+00:00","breadcrumb":{"@id":"https:\/\/www.kirei-italia.it\/es\/come-acquistare\/#breadcrumb"},"inLanguage":"es","potentialAction":[{"@type":"ReadAction","target":["https:\/\/www.kirei-italia.it\/es\/come-acquistare\/"]}]},{"@type":"BreadcrumbList","@id":"https:\/\/www.kirei-italia.it\/es\/come-acquistare\/#breadcrumb","itemListElement":[{"@type":"ListItem","position":1,"name":"Home","item":"https:\/\/www.kirei-italia.it\/es\/"},{"@type":"ListItem","position":2,"name":"C\u00f3mo comprar"}]},{"@type":"WebSite","@id":"https:\/\/www.kirei-italia.it\/#website","url":"https:\/\/www.kirei-italia.it\/","name":"Kirei Italia","description":"","potentialAction":[{"@type":"SearchAction","target":{"@type":"EntryPoint","urlTemplate":"https:\/\/www.kirei-italia.it\/?s={search_term_string}"},"query-input":{"@type":"PropertyValueSpecification","valueRequired":true,"valueName":"search_term_string"}}],"inLanguage":"es"}]}},"_links":{"self":[{"href":"https:\/\/www.kirei-italia.it\/es\/wp-json\/wp\/v2\/pages\/8036","targetHints":{"allow":["GET"]}}],"collection":[{"href":"https:\/\/www.kirei-italia.it\/es\/wp-json\/wp\/v2\/pages"}],"about":[{"href":"https:\/\/www.kirei-italia.it\/es\/wp-json\/wp\/v2\/types\/page"}],"author":[{"embeddable":true,"href":"https:\/\/www.kirei-italia.it\/es\/wp-json\/wp\/v2\/users\/1"}],"replies":[{"embeddable":true,"href":"https:\/\/www.kirei-italia.it\/es\/wp-json\/wp\/v2\/comments?post=8036"}],"version-history":[{"count":0,"href":"https:\/\/www.kirei-italia.it\/es\/wp-json\/wp\/v2\/pages\/8036\/revisions"}],"wp:attachment":[{"href":"https:\/\/www.kirei-italia.it\/es\/wp-json\/wp\/v2\/media?parent=8036"}],"curies":[{"name":"wp","href":"https:\/\/api.w.org\/{rel}","templated":true}]}}