{"id":8020,"date":"2016-11-02T16:32:19","date_gmt":"2016-11-02T15:32:19","guid":{"rendered":"https:\/\/www.kirei-italia.it\/chi-siamo\/"},"modified":"2023-06-12T16:45:16","modified_gmt":"2023-06-12T14:45:16","slug":"chi-siamo","status":"publish","type":"page","link":"https:\/\/www.kirei-italia.it\/es\/chi-siamo\/","title":{"rendered":"Sobre nosotros"},"content":{"rendered":"\n<div data-elementor-type=\"wp-page\" data-elementor-id=\"8020\" class=\"elementor elementor-8020\" data-elementor-post-type=\"page\">\n<section class=\"elementor-section elementor-top-section elementor-element elementor-element-7128c515 elementor-section-boxed elementor-section-height-default elementor-section-height-default\" data-id=\"7128c515\" data-element_type=\"section\" data-e-type=\"section\">\n<div class=\"elementor-container elementor-column-gap-default\">\n<div class=\"elementor-column elementor-col-100 elementor-top-column elementor-element elementor-element-77dbcd0c\" data-id=\"77dbcd0c\" data-element_type=\"column\" data-e-type=\"column\">\n<div class=\"elementor-widget-wrap elementor-element-populated\">\n<div class=\"elementor-element elementor-element-6fabb8e elementor-widget elementor-widget-text-editor\" data-id=\"6fabb8e\" data-element_type=\"widget\" data-e-type=\"widget\" data-widget_type=\"text-editor.default\">\n<div class=\"elementor-widget-container\">\n<h3><strong><\/p>\n<div class=\"epyt-video-wrapper\">\n<div  id=\"_ytid_55439\"  width=\"480\" height=\"270\"  data-origwidth=\"480\" data-origheight=\"270\"  data-relstop=\"1\" data-facadesrc=\"https:\/\/www.youtube-nocookie.com\/embed\/jqoGWR7BFb8?enablejsapi=1&#038;autoplay=0&#038;cc_load_policy=0&#038;cc_lang_pref=&#038;iv_load_policy=1&#038;loop=0&#038;rel=0&#038;fs=1&#038;playsinline=0&#038;autohide=2&#038;theme=dark&#038;color=red&#038;controls=1&#038;disablekb=0&#038;\" class=\"__youtube_prefs__ epyt-facade __youtube_prefs_widget__  no-lazyload\" data-epautoplay=\"1\" ><img decoding=\"async\" data-spai-excluded=\"true\" class=\"epyt-facade-poster skip-lazy\" loading=\"lazy\"  alt=\"YouTube player\"  src=\"https:\/\/i.ytimg.com\/vi\/jqoGWR7BFb8\/hqdefault.jpg\"  \/><button class=\"epyt-facade-play\" aria-label=\"Play\"><svg data-no-lazy=\"1\" height=\"100%\" version=\"1.1\" viewBox=\"0 0 68 48\" width=\"100%\"><path class=\"ytp-large-play-button-bg\" d=\"M66.52,7.74c-0.78-2.93-2.49-5.41-5.42-6.19C55.79,.13,34,0,34,0S12.21,.13,6.9,1.55 C3.97,2.33,2.27,4.81,1.48,7.74C0.06,13.05,0,24,0,24s0.06,10.95,1.48,16.26c0.78,2.93,2.49,5.41,5.42,6.19 C12.21,47.87,34,48,34,48s21.79-0.13,27.1-1.55c2.93-0.78,4.64-3.26,5.42-6.19C67.94,34.95,68,24,68,24S67.94,13.05,66.52,7.74z\" fill=\"#f00\"><\/path><path d=\"M 45,24 27,14 27,34\" fill=\"#fff\"><\/path><\/svg><\/button><\/div>\n<\/div>\n<p><\/strong><\/h3>\n<h6><strong>.<\/strong><\/h6>\n<h1><b>Nuestra historia&#8230;.<\/b><\/h1>\n<p>Estamos en 2009. Es una fr\u00eda noche de mediados de octubre. Massimo Fioriello entra en un restaurante de Monferrato para cenar con unos amigos. Est\u00e1 a punto de lanzar Kirei junto con su amigo Tullio Lanfranchi y el trabajo es toda su vida. Pero no encuentra distribuidores que crean en Kirei: dicen que el p\u00fablico a\u00fan no est\u00e1 preparado para los cosm\u00e9ticos ecol\u00f3gicos.<\/p>\n<p>Sorprendentemente, en la cena tambi\u00e9n est\u00e1 Barbara Garbarino, herbolaria desde hace casi 20 a\u00f1os en un periodo oscuro de su vida. Barbara coge una crema de manos, mira los ingredientes y enseguida se da cuenta de que Kirei no es s\u00f3lo una empresa de cosm\u00e9ticos: es un nuevo estilo de vida, m\u00e1s natural, m\u00e1s respetuoso con el propio cuerpo y con el planeta.<\/p>\n<p>Hoy Barbara es socia de Kirei, junto con Massimo y Tullio. Ha mejorado los productos inventando nuevas f\u00f3rmulas y ha contribuido al \u00e9xito de la empresa. Pero Barbara y Massimo no s\u00f3lo son socios, tambi\u00e9n son compa\u00f1eros de vida. Kirei les ha ayudado a quererse m\u00e1s y a abrirse a los dem\u00e1s.<\/p>\n<p>Cosm\u00e9ticos y remedios naturales Kirei es una excelente empresa italiana de Cosm\u00e9tica e Integraci\u00f3n Alimentaria especializada en productos Naturales, Ecol\u00f3gicos y 100% Made in Italy distribuidos a trav\u00e9s de la \u00abConsultora del Bienestar\u00bb. Kirei se fund\u00f3 en 2009 con una visi\u00f3n muy clara: mostrar a las personas c\u00f3mo cuidar su cuerpo y el planeta con remedios naturales, seleccionando productos de calidad superior a la media, certificados por los organismos nacionales e internacionales m\u00e1s conocidos (Aiab, Suolo a Salute, Ecogruppo Italia, Natrue, ec&#8230;.) y estrictamente Made in Italy.<\/p>\n<p>A lo largo de los a\u00f1os, Kirei ha crecido mucho gracias a Barbara Garbarino, una herborista con treinta a\u00f1os de experiencia, que ha desarrollado nuevas l\u00edneas de productos seleccionando laboratorios fiables capaces de producir productos est\u00e1ndar de alta calidad.<br \/>Miembro de pleno derecho en Avedisco.<\/p>\n<p>Desde 1969 AVEDISCO representa las m\u00e1s importantes realidades industriales y comerciales, italianas y extranjeras, que utilizan la Venta Directa a Domicilio para distribuir sus productos\/servicios.<b>https:\/\/www.avedisco.it\/it-IT\/Aziende-associate\/Soci-effettivi.aspx<\/b><\/p>\n<p>La oferta de Kirei se compone de:\u00a0Cosm\u00e9ticos (Naturales y BIO certificados)Complementos alimenticios Perfumes Kirei Maquillaje profesional HD Limpieza del hogar (productos ecol\u00f3gicos y certificados ECOLABEL y Haccp)Amigos de los animales (con certificaci\u00f3n BIO)\u00a0<\/p>\n<p>\u00a0<\/p>\n<p>P<b>ROFUNDIZAR EN LA AFILIACI\u00d3N<\/b><\/p>\n<p><strong><img decoding=\"async\" src=\"https:\/\/www.kirei-italia.it\/wp-content\/uploads\/2018\/04\/max-piccolo-box-per-chi-siamo-300x295.png\" alt=\"\" width=\"187\" height=\"184\" \/><\/strong><strong>Massimo Fioriello<\/strong>,<\/p>\n<p>Milan\u00e9s de nacimiento, dio sus primeros pasos en el mundo laboral en 1991, en la Divisi\u00f3n de Entretenimiento del Grupo Mediaset, tratando con directivos del m\u00e1s alto nivel que le permitieron forjar su propio car\u00e1cter, acumulando una important\u00edsima experiencia profesional y, sobre todo, humana, que le permiti\u00f3 gestionar, a lo largo de su carrera profesional, con extrema naturalidad y sencillez, grupos de trabajo de diverso tama\u00f1o, desde unas pocas decenas hasta miles de personas.<\/p>\n<p>\u00a0<\/p>\n<p>Al cabo de unos 10 a\u00f1os, decidi\u00f3 cambiar de empresa para adquirir nuevas experiencias y enriquecer a\u00fan m\u00e1s su bagaje profesional, incorpor\u00e1ndose al grupo editorial MC GRAW-HILL, donde descubri\u00f3 los fascinantes secretos que se esconden detr\u00e1s de un \u00ablibro\u00bb, desde su creaci\u00f3n hasta su publicaci\u00f3n.<\/p>\n<p>\u00a0<\/p>\n<p>Su pasi\u00f3n por las relaciones humanas le llev\u00f3 m\u00e1s tarde a vivir una experiencia inolvidable en el mundo de la telefon\u00eda gestionando comercialmente m\u00e1s de 100 tiendas y alrededor de 500 empleados.<\/p>\n<p>\u00a0<\/p>\n<p>Antes de convertirse en aut\u00f3nomo, en 2011, complet\u00f3 su carrera directiva en el Grupo Candy-Hoover, en la Divisi\u00f3n de Peque\u00f1os Electrodom\u00e9sticos, ocup\u00e1ndose de los Centros y Cadenas nacionales m\u00e1s importantes (Media World, Unieuro, Expert, Euronics&#8230;.).<\/p>\n<p>\u00a0<\/p>\n<p>La amistad nacida con Tullio Lanfranchi durante su experiencia en el Grupo Candy-Hoover y el fuerte atractivo de los MERCADOS ESPECIALES le llevaron, en 2011, a desprenderse del papel de director corporativo para asumir, en solitario, un nuevo reto, tan arriesgado como fascinante: el MERCADO PROMOCIONAL (cat\u00e1logos Points, Fidelity y Short collection ya presididos por Tullio Lanfranchi), gestionando en total autonom\u00eda un pool de empresas seleccionadas muy importantes.<\/p>\n<p>\u00a0<\/p>\n<p>P<b>aralelamente a sus experiencias empresariales, gracias a su pasi\u00f3n por todo lo natural y al respeto por el planeta, en 2009 fund\u00f3, junto con Tullio Lanfranchi, Kirei srl.<\/b><\/p>\n<p>\u00a0<\/p>\n<p><strong><img decoding=\"async\" src=\"https:\/\/www.kirei-italia.it\/wp-content\/uploads\/2018\/04\/tullio-piccolo-box-per-chi-siamo-274x300.png\" alt=\"\" width=\"170\" height=\"186\" \/><\/strong><strong>Tullio Lanfranchi<\/strong>,<\/p>\n<p>Natural de B\u00e9rgamo y muy trabajador, siempre le ha gustado ser \u00danico y, tras breves experiencias en el sector minorista y de electrodom\u00e9sticos, se lanz\u00f3 a la creaci\u00f3n y desarrollo de la Divisi\u00f3n de Peque\u00f1os Electrodom\u00e9sticos en empresas familiares, ocup\u00e1ndose de la creaci\u00f3n del cat\u00e1logo y de la red de distribuci\u00f3n en Italia. En pocos a\u00f1os, su trabajo minucioso e intensivo permiti\u00f3 aumentar considerablemente el tama\u00f1o de la empresa y extender la marca por toda Italia (ARDES, SGL). Numerosos y largos viajes por Italia le llevaron a conocer a mucha gente y a descubrir su pasi\u00f3n por los productos naturales.<\/p>\n<p>\u00a0<\/p>\n<p>Su gran propensi\u00f3n a crear nuevos negocios le llev\u00f3 a unirse al Grupo Candy Hoover en 2003, donde fue llamado para crear la DIVISI\u00d3N DE MERCADOS ESPECIALES y promocionar todos los productos del grupo (peque\u00f1os y grandes electrodom\u00e9sticos) en las marcas m\u00e1s importantes del panorama nacional (Esselunga, Coop, Conad, Q8, Eni, etc.).<\/p>\n<p>\u00a0<\/p>\n<p>En 2009 decide crear su propia agencia, fundando TL PROMOTION y continuando con la promoci\u00f3n de las marcas del Grupo Candy-Hoover, a la que se unir\u00e1n con el tiempo otras empresas de alto perfil que operan en diferentes sectores (Briko, Casio, etc.). En 2011 Massimo Fioriello se unir\u00e1 a TL PROMOTION como socio, completando la oferta de productos con empresas de otros sectores.<\/p>\n<p>\u00a0<\/p>\n<p>T<b>ambi\u00e9n en 2009, tras conocer a Massimo Fioriello durante su experiencia com\u00fan en el grupo Candy-Hoover, compartiendo la pasi\u00f3n por los productos naturales y ecol\u00f3gicos, funda Kirei srl.<\/b><\/p>\n<p><img decoding=\"async\" src=\"https:\/\/www.kirei-italia.it\/wp-content\/uploads\/2019\/05\/barbara.jpg\" alt=\"\" width=\"141\" height=\"203\" \/><\/p>\n<p><b>Barbara Garbarino (herborista de Kirei),<\/b><\/p>\n<p><b>Do<\/b>c piamontesa, de Acqui Terme, trabajadora y humilde profesional, ha forjado su car\u00e1cter en los 22 a\u00f1os de intenso, duro y gratificante trabajo que ha vivido tras el mostrador de la herborister\u00eda &#8216;La Verbena&#8217; de Nizza Monferrato (AT).<\/p>\n<p>\u00a0<\/p>\n<p>En 1992, los acontecimientos de la vida la apartaron de otra carrera universitaria para catapultarla directamente a la herborister\u00eda familiar, convirti\u00e9ndose con el tiempo en un punto de referencia para todo el pueblo y para el turismo recurrente.<\/p>\n<p>\u00a0<\/p>\n<p>\u00a1En 2009, un encuentro fortuito, un amor inmediato a primera vista con Massimo Fioriello, cambi\u00f3 por completo su vida y se convirti\u00f3 en una referencia muy importante para el nacimiento y el desarrollo de Kirei!<\/p>\n<p>\u00a0<\/p>\n<p>Autor del libro: 201 hierbas para amar (Manual del aprendiz de herborista) www.barbaragarbarino.com<\/p>\n<p>\u00a0<\/p>\n<\/p><\/div>\n<\/p><\/div>\n<\/p><\/div>\n<\/p><\/div>\n<\/p><\/div>\n<\/section><\/div>\n","protected":false},"excerpt":{"rendered":"<p>. Nuestra historia&#8230;. Estamos en 2009. Es una fr\u00eda noche de mediados de octubre. Massimo Fioriello entra en un restaurante de Monferrato para cenar con unos amigos. Est\u00e1 a punto de lanzar Kirei junto con su amigo Tullio Lanfranchi y el trabajo es toda su vida. Pero no encuentra distribuidores que crean en Kirei: dicen [&hellip;]<\/p>\n","protected":false},"author":1,"featured_media":0,"parent":0,"menu_order":0,"comment_status":"closed","ping_status":"closed","template":"","meta":{"_acf_changed":false,"footnotes":""},"class_list":["post-8020","page","type-page","status-publish","hentry"],"acf":[],"yoast_head":"<!-- This site is optimized with the Yoast SEO plugin v27.5 - https:\/\/yoast.com\/product\/yoast-seo-wordpress\/ -->\n<title>Sobre nosotros - Kirei Italia<\/title>\n<meta name=\"robots\" content=\"index, follow, max-snippet:-1, max-image-preview:large, max-video-preview:-1\" \/>\n<link rel=\"canonical\" href=\"https:\/\/www.kirei-italia.it\/es\/chi-siamo\/\" \/>\n<meta property=\"og:locale\" content=\"es_ES\" \/>\n<meta property=\"og:type\" content=\"article\" \/>\n<meta property=\"og:title\" content=\"Sobre nosotros - Kirei Italia\" \/>\n<meta property=\"og:description\" content=\". Nuestra historia&#8230;. Estamos en 2009. Es una fr\u00eda noche de mediados de octubre. Massimo Fioriello entra en un restaurante de Monferrato para cenar con unos amigos. Est\u00e1 a punto de lanzar Kirei junto con su amigo Tullio Lanfranchi y el trabajo es toda su vida. Pero no encuentra distribuidores que crean en Kirei: dicen [&hellip;]\" \/>\n<meta property=\"og:url\" content=\"https:\/\/www.kirei-italia.it\/es\/chi-siamo\/\" \/>\n<meta property=\"og:site_name\" content=\"Kirei Italia\" \/>\n<meta property=\"article:publisher\" content=\"https:\/\/www.facebook.com\/kireibiocosmetic\/\" \/>\n<meta property=\"article:modified_time\" content=\"2023-06-12T14:45:16+00:00\" \/>\n<meta property=\"og:image\" content=\"https:\/\/www.kirei-italia.it\/wp-content\/uploads\/2018\/04\/max-piccolo-box-per-chi-siamo-300x295.png\" \/>\n<meta name=\"twitter:card\" content=\"summary_large_image\" \/>\n<meta name=\"twitter:label1\" content=\"Tiempo de lectura\" \/>\n\t<meta name=\"twitter:data1\" content=\"6 minutos\" \/>\n<script type=\"application\/ld+json\" class=\"yoast-schema-graph\">{\"@context\":\"https:\\\/\\\/schema.org\",\"@graph\":[{\"@type\":\"WebPage\",\"@id\":\"https:\\\/\\\/www.kirei-italia.it\\\/es\\\/chi-siamo\\\/\",\"url\":\"https:\\\/\\\/www.kirei-italia.it\\\/es\\\/chi-siamo\\\/\",\"name\":\"Sobre nosotros - Kirei Italia\",\"isPartOf\":{\"@id\":\"https:\\\/\\\/www.kirei-italia.it\\\/#website\"},\"primaryImageOfPage\":{\"@id\":\"https:\\\/\\\/www.kirei-italia.it\\\/es\\\/chi-siamo\\\/#primaryimage\"},\"image\":{\"@id\":\"https:\\\/\\\/www.kirei-italia.it\\\/es\\\/chi-siamo\\\/#primaryimage\"},\"thumbnailUrl\":\"https:\\\/\\\/www.kirei-italia.it\\\/wp-content\\\/uploads\\\/2018\\\/04\\\/max-piccolo-box-per-chi-siamo-300x295.png\",\"datePublished\":\"2016-11-02T15:32:19+00:00\",\"dateModified\":\"2023-06-12T14:45:16+00:00\",\"breadcrumb\":{\"@id\":\"https:\\\/\\\/www.kirei-italia.it\\\/es\\\/chi-siamo\\\/#breadcrumb\"},\"inLanguage\":\"es\",\"potentialAction\":[{\"@type\":\"ReadAction\",\"target\":[\"https:\\\/\\\/www.kirei-italia.it\\\/es\\\/chi-siamo\\\/\"]}]},{\"@type\":\"ImageObject\",\"inLanguage\":\"es\",\"@id\":\"https:\\\/\\\/www.kirei-italia.it\\\/es\\\/chi-siamo\\\/#primaryimage\",\"url\":\"https:\\\/\\\/www.kirei-italia.it\\\/wp-content\\\/uploads\\\/2018\\\/04\\\/max-piccolo-box-per-chi-siamo-300x295.png\",\"contentUrl\":\"https:\\\/\\\/www.kirei-italia.it\\\/wp-content\\\/uploads\\\/2018\\\/04\\\/max-piccolo-box-per-chi-siamo-300x295.png\"},{\"@type\":\"BreadcrumbList\",\"@id\":\"https:\\\/\\\/www.kirei-italia.it\\\/es\\\/chi-siamo\\\/#breadcrumb\",\"itemListElement\":[{\"@type\":\"ListItem\",\"position\":1,\"name\":\"Home\",\"item\":\"https:\\\/\\\/www.kirei-italia.it\\\/es\\\/\"},{\"@type\":\"ListItem\",\"position\":2,\"name\":\"Sobre nosotros\"}]},{\"@type\":\"WebSite\",\"@id\":\"https:\\\/\\\/www.kirei-italia.it\\\/#website\",\"url\":\"https:\\\/\\\/www.kirei-italia.it\\\/\",\"name\":\"Kirei Italia\",\"description\":\"\",\"potentialAction\":[{\"@type\":\"SearchAction\",\"target\":{\"@type\":\"EntryPoint\",\"urlTemplate\":\"https:\\\/\\\/www.kirei-italia.it\\\/?s={search_term_string}\"},\"query-input\":{\"@type\":\"PropertyValueSpecification\",\"valueRequired\":true,\"valueName\":\"search_term_string\"}}],\"inLanguage\":\"es\"}]}<\/script>\n<!-- \/ Yoast SEO plugin. -->","yoast_head_json":{"title":"Sobre nosotros - Kirei Italia","robots":{"index":"index","follow":"follow","max-snippet":"max-snippet:-1","max-image-preview":"max-image-preview:large","max-video-preview":"max-video-preview:-1"},"canonical":"https:\/\/www.kirei-italia.it\/es\/chi-siamo\/","og_locale":"es_ES","og_type":"article","og_title":"Sobre nosotros - Kirei Italia","og_description":". Nuestra historia&#8230;. Estamos en 2009. Es una fr\u00eda noche de mediados de octubre. Massimo Fioriello entra en un restaurante de Monferrato para cenar con unos amigos. Est\u00e1 a punto de lanzar Kirei junto con su amigo Tullio Lanfranchi y el trabajo es toda su vida. Pero no encuentra distribuidores que crean en Kirei: dicen [&hellip;]","og_url":"https:\/\/www.kirei-italia.it\/es\/chi-siamo\/","og_site_name":"Kirei Italia","article_publisher":"https:\/\/www.facebook.com\/kireibiocosmetic\/","article_modified_time":"2023-06-12T14:45:16+00:00","og_image":[{"url":"https:\/\/www.kirei-italia.it\/wp-content\/uploads\/2018\/04\/max-piccolo-box-per-chi-siamo-300x295.png","type":"","width":"","height":""}],"twitter_card":"summary_large_image","twitter_misc":{"Tiempo de lectura":"6 minutos"},"schema":{"@context":"https:\/\/schema.org","@graph":[{"@type":"WebPage","@id":"https:\/\/www.kirei-italia.it\/es\/chi-siamo\/","url":"https:\/\/www.kirei-italia.it\/es\/chi-siamo\/","name":"Sobre nosotros - Kirei Italia","isPartOf":{"@id":"https:\/\/www.kirei-italia.it\/#website"},"primaryImageOfPage":{"@id":"https:\/\/www.kirei-italia.it\/es\/chi-siamo\/#primaryimage"},"image":{"@id":"https:\/\/www.kirei-italia.it\/es\/chi-siamo\/#primaryimage"},"thumbnailUrl":"https:\/\/www.kirei-italia.it\/wp-content\/uploads\/2018\/04\/max-piccolo-box-per-chi-siamo-300x295.png","datePublished":"2016-11-02T15:32:19+00:00","dateModified":"2023-06-12T14:45:16+00:00","breadcrumb":{"@id":"https:\/\/www.kirei-italia.it\/es\/chi-siamo\/#breadcrumb"},"inLanguage":"es","potentialAction":[{"@type":"ReadAction","target":["https:\/\/www.kirei-italia.it\/es\/chi-siamo\/"]}]},{"@type":"ImageObject","inLanguage":"es","@id":"https:\/\/www.kirei-italia.it\/es\/chi-siamo\/#primaryimage","url":"https:\/\/www.kirei-italia.it\/wp-content\/uploads\/2018\/04\/max-piccolo-box-per-chi-siamo-300x295.png","contentUrl":"https:\/\/www.kirei-italia.it\/wp-content\/uploads\/2018\/04\/max-piccolo-box-per-chi-siamo-300x295.png"},{"@type":"BreadcrumbList","@id":"https:\/\/www.kirei-italia.it\/es\/chi-siamo\/#breadcrumb","itemListElement":[{"@type":"ListItem","position":1,"name":"Home","item":"https:\/\/www.kirei-italia.it\/es\/"},{"@type":"ListItem","position":2,"name":"Sobre nosotros"}]},{"@type":"WebSite","@id":"https:\/\/www.kirei-italia.it\/#website","url":"https:\/\/www.kirei-italia.it\/","name":"Kirei Italia","description":"","potentialAction":[{"@type":"SearchAction","target":{"@type":"EntryPoint","urlTemplate":"https:\/\/www.kirei-italia.it\/?s={search_term_string}"},"query-input":{"@type":"PropertyValueSpecification","valueRequired":true,"valueName":"search_term_string"}}],"inLanguage":"es"}]}},"_links":{"self":[{"href":"https:\/\/www.kirei-italia.it\/es\/wp-json\/wp\/v2\/pages\/8020","targetHints":{"allow":["GET"]}}],"collection":[{"href":"https:\/\/www.kirei-italia.it\/es\/wp-json\/wp\/v2\/pages"}],"about":[{"href":"https:\/\/www.kirei-italia.it\/es\/wp-json\/wp\/v2\/types\/page"}],"author":[{"embeddable":true,"href":"https:\/\/www.kirei-italia.it\/es\/wp-json\/wp\/v2\/users\/1"}],"replies":[{"embeddable":true,"href":"https:\/\/www.kirei-italia.it\/es\/wp-json\/wp\/v2\/comments?post=8020"}],"version-history":[{"count":0,"href":"https:\/\/www.kirei-italia.it\/es\/wp-json\/wp\/v2\/pages\/8020\/revisions"}],"wp:attachment":[{"href":"https:\/\/www.kirei-italia.it\/es\/wp-json\/wp\/v2\/media?parent=8020"}],"curies":[{"name":"wp","href":"https:\/\/api.w.org\/{rel}","templated":true}]}}